{"id":3,"date":"2025-12-21T02:29:23","date_gmt":"2025-12-21T02:29:23","guid":{"rendered":"http:\/\/hyundai-truckparts.com\/?page_id=3"},"modified":"2025-12-21T03:23:28","modified_gmt":"2025-12-21T03:23:28","slug":"privacy-policy","status":"publish","type":"page","link":"https:\/\/hyundai-truckparts.com\/de\/datenschutzrichtlinie\/","title":{"rendered":"Datenschutzrichtlinie"},"content":{"rendered":"<div data-elementor-type=\"wp-page\" data-elementor-id=\"3\" class=\"elementor elementor-3\" data-elementor-post-type=\"page\">\n\t\t\t\t<div class=\"wd-negative-gap elementor-element elementor-element-46da4140 e-flex e-con-boxed e-con e-parent\" data-id=\"46da4140\" data-element_type=\"container\">\n\t\t\t\t\t<div class=\"e-con-inner\">\n\t\t\t\t<div class=\"elementor-element elementor-element-1dc1daaf color-scheme-inherit text-left elementor-widget elementor-widget-text-editor\" data-id=\"1dc1daaf\" data-element_type=\"widget\" data-widget_type=\"text-editor.default\">\n\t\t\t\t\t\t\t\t\t\n<p data-start=\"213\" data-end=\"459\">Diese Allgemeinen Gesch\u00e4ftsbedingungen (\u201eBedingungen\u201c) regeln Ihren Zugriff auf und Ihre Nutzung der von <strong data-start=\"305\" data-end=\"346\">Ruian Yaxin Import &amp; Export Co., Ltd.<\/strong> (\u201ewir\u201c, \u201euns\u201c oder \u201eunser\u201c), die f\u00fcr den internationalen Gro\u00dfhandel und Export von koreanischen LKW-Teilen verwendet wird (die \u201eWebsite\u201c).<\/p>\n<p data-start=\"461\" data-end=\"580\">Durch den Zugriff auf oder die Nutzung dieser Website erkl\u00e4ren Sie sich mit diesen Nutzungsbedingungen einverstanden. Sollten Sie damit nicht einverstanden sein, nutzen Sie die Website bitte nicht.<\/p>\n<h2 class=\"wp-block-heading\" data-start=\"587\" data-end=\"607\">1. Gesch\u00e4ftsbereich<\/h2>\n<p data-start=\"609\" data-end=\"822\">Diese Website ist gedacht f\u00fcr <strong data-start=\"635\" data-end=\"665\">Gesch\u00e4ftskunden (B2B)<\/strong> Nur f\u00fcr interne Zwecke.<br data-start=\"680\" data-end=\"683\" \/>Wir sind spezialisiert auf den Export und Gro\u00dfhandel von <strong data-start=\"728\" data-end=\"750\">Koreanische LKW-Teile<\/strong>einschlie\u00dflich, aber nicht beschr\u00e4nkt auf Nutzfahrzeugteile von Hyundai und Kia.<\/p>\n<p data-start=\"824\" data-end=\"956\">Die auf der Website angezeigten Produktinformationen dienen nur zu Informationszwecken und stellen kein verbindliches Angebot dar, es sei denn, dies wird schriftlich best\u00e4tigt.<\/p>\n<h2 data-start=\"963\" data-end=\"987\">2. Nutzung der Website<\/h2>\n<p data-start=\"989\" data-end=\"1061\">Sie stimmen zu, diese Website ausschlie\u00dflich f\u00fcr rechtm\u00e4\u00dfige Gesch\u00e4ftszwecke zu nutzen und nicht f\u00fcr:<\/p>\n<ul data-start=\"1062\" data-end=\"1280\">\n<li data-start=\"1062\" data-end=\"1114\">\n<p data-start=\"1064\" data-end=\"1114\">Missbrauch von Anfrageformularen oder \u00dcbermittlung falscher Informationen<\/p>\n<\/li>\n<li data-start=\"1115\" data-end=\"1165\">\n<p data-start=\"1117\" data-end=\"1165\">Versuch, auf gesperrte Bereiche der Website zuzugreifen.<\/p>\n<\/li>\n<li data-start=\"1166\" data-end=\"1222\">\n<p data-start=\"1168\" data-end=\"1222\">Die Sicherheit oder den Betrieb der Website beeintr\u00e4chtigen.<\/p>\n<\/li>\n<li data-start=\"1223\" data-end=\"1280\">\n<p data-start=\"1225\" data-end=\"1280\">Nutzen Sie die Website, um Rechte an geistigem Eigentum zu verletzen<\/p>\n<\/li>\n<\/ul>\n<p data-start=\"1282\" data-end=\"1365\">Wir behalten uns das Recht vor, den Zugang zur Website nach eigenem Ermessen einzuschr\u00e4nken oder zu beenden.<\/p>\n<h2 data-start=\"1372\" data-end=\"1413\">3. Produktinformationen &amp; Kompatibilit\u00e4t<\/h2>\n<ul data-start=\"1415\" data-end=\"1687\">\n<li data-start=\"1415\" data-end=\"1495\">\n<p data-start=\"1417\" data-end=\"1495\">Produktbeschreibungen, Bilder und Spezifikationen dienen als Referenz.<\/p>\n<\/li>\n<li data-start=\"1496\" data-end=\"1588\">\n<p data-start=\"1498\" data-end=\"1588\">Die Fahrzeugkompatibilit\u00e4t sollte best\u00e4tigt werden durch <strong data-start=\"1543\" data-end=\"1585\">OEM-Teilenummern oder technische Zeichnungen<\/strong>.<\/p>\n<\/li>\n<li data-start=\"1589\" data-end=\"1687\">\n<p data-start=\"1591\" data-end=\"1687\">Wir \u00fcbernehmen keine Verantwortung f\u00fcr fehlerhafte Bestellungen, die auf ungenaue Angaben des K\u00e4ufers zur\u00fcckzuf\u00fchren sind.<\/p>\n<\/li>\n<\/ul>\n<p data-start=\"1689\" data-end=\"1751\">Alle Spezifikationen k\u00f6nnen ohne vorherige Ank\u00fcndigung ge\u00e4ndert werden.<\/p>\n<h2 data-start=\"1758\" data-end=\"1784\">4. Preisgestaltung &amp; Angebote<\/h2>\n<ul data-start=\"1786\" data-end=\"2061\">\n<li data-start=\"1786\" data-end=\"1858\">\n<p data-start=\"1788\" data-end=\"1858\">Die auf der Website angezeigten Preise sind <strong data-start=\"1817\" data-end=\"1830\">nicht endg\u00fcltig<\/strong> Sofern nicht ausdr\u00fccklich anders angegeben.<\/p>\n<\/li>\n<li data-start=\"1859\" data-end=\"2001\">\n<p data-start=\"1861\" data-end=\"2001\">Die endg\u00fcltigen Preise, die Mindestbestellmenge (MOQ), die Lieferzeit und die Zahlungsbedingungen werden best\u00e4tigt von <strong data-start=\"1956\" data-end=\"1998\">offizielles Angebot oder Proforma-Rechnung<\/strong>.<\/p>\n<\/li>\n<li data-start=\"2002\" data-end=\"2061\">\n<p data-start=\"2004\" data-end=\"2061\">Alle Preise sind angegeben in <strong data-start=\"2029\" data-end=\"2036\">USD<\/strong> Sofern nichts anderes vereinbart ist.<\/p>\n<\/li>\n<\/ul>\n<h2 data-start=\"2068\" data-end=\"2090\">5. Bestellungen &amp; Zahlung<\/h2>\n<ul data-start=\"2092\" data-end=\"2307\">\n<li data-start=\"2092\" data-end=\"2158\">\n<p data-start=\"2094\" data-end=\"2158\">Bestellungen werden erst nach unserer schriftlichen Best\u00e4tigung verbindlich.<\/p>\n<\/li>\n<li data-start=\"2159\" data-end=\"2226\">\n<p data-start=\"2161\" data-end=\"2226\">Die Zahlungsbedingungen k\u00f6nnen T\/T, PayPal oder andere vereinbarte Zahlungsmethoden umfassen.<\/p>\n<\/li>\n<li data-start=\"2227\" data-end=\"2307\">\n<p data-start=\"2229\" data-end=\"2307\">Vor Produktionsbeginn oder Versand kann eine vollst\u00e4ndige oder teilweise Vorauszahlung erforderlich sein.<\/p>\n<\/li>\n<\/ul>\n<p data-start=\"2309\" data-end=\"2417\">Wir behalten uns das Recht vor, Bestellungen aufgrund von Preisfehlern, Lagerproblemen oder Bedenken hinsichtlich der Einhaltung gesetzlicher Bestimmungen zu stornieren oder abzulehnen.<\/p>\n<h2 data-start=\"2424\" data-end=\"2449\">6. Versand &amp; Lieferung<\/h2>\n<ul data-start=\"2451\" data-end=\"2699\">\n<li data-start=\"2451\" data-end=\"2511\">\n<p data-start=\"2453\" data-end=\"2511\">Die angegebenen Lieferzeiten dienen nur als Richtwert.<\/p>\n<\/li>\n<li data-start=\"2512\" data-end=\"2622\">\n<p data-start=\"2514\" data-end=\"2622\">Internationale Versandverz\u00f6gerungen, die durch Zoll, Spediteure oder h\u00f6here Gewalt verursacht werden, liegen au\u00dferhalb unserer Kontrolle.<\/p>\n<\/li>\n<li data-start=\"2623\" data-end=\"2699\">\n<p data-start=\"2625\" data-end=\"2699\">Die Gefahr des Verlusts geht mit dem Versand auf den K\u00e4ufer \u00fcber, sofern nichts anderes vereinbart ist.<\/p>\n<\/li>\n<\/ul>\n<p data-start=\"2701\" data-end=\"2784\">Die Incoterms (EXW, FOB, CIF usw.) werden in den best\u00e4tigten Auftragsdokumenten angegeben.<\/p>\n<h2 data-start=\"2791\" data-end=\"2813\">7. R\u00fccksendungen &amp; Reklamationen<\/h2>\n<ul data-start=\"2815\" data-end=\"3103\">\n<li data-start=\"2815\" data-end=\"2892\">\n<p data-start=\"2817\" data-end=\"2892\">Als B2B-Lieferant <strong data-start=\"2836\" data-end=\"2864\">R\u00fccksendungen werden nicht akzeptiert.<\/strong> Sofern nichts anderes schriftlich vereinbart wurde.<\/p>\n<\/li>\n<li data-start=\"2893\" data-end=\"3031\">\n<p data-start=\"2895\" data-end=\"3031\">Anspr\u00fcche wegen besch\u00e4digter, falscher oder mangelhafter Ware m\u00fcssen innerhalb von <strong data-start=\"2970\" data-end=\"2991\">7 Tage nach Erhalt<\/strong>, mit entsprechenden Fotos oder Dokumenten.<\/p>\n<\/li>\n<li data-start=\"3032\" data-end=\"3103\">\n<p data-start=\"3034\" data-end=\"3103\">Wir behalten uns das Recht vor, nach eigenem Ermessen zu reparieren, zu ersetzen oder eine Gutschrift vorzunehmen.<\/p>\n<\/li>\n<\/ul>\n<h2 data-start=\"3110\" data-end=\"3137\">8. Geistiges Eigentum<\/h2>\n<p data-start=\"3139\" data-end=\"3298\">Alle Inhalte der Website, einschlie\u00dflich Texte, Bilder, Logos und Produktbeschreibungen, sind Eigentum von <strong data-start=\"3240\" data-end=\"3281\">Ruian Yaxin Import &amp; Export Co., Ltd.<\/strong> oder seinen Partnern.<\/p>\n<p data-start=\"3300\" data-end=\"3362\">Unerlaubte Nutzung, Vervielf\u00e4ltigung oder Verbreitung ist untersagt.<\/p>\n<h2 data-start=\"3369\" data-end=\"3398\">9. Haftungsbeschr\u00e4nkung<\/h2>\n<p data-start=\"3400\" data-end=\"3439\">Soweit gesetzlich zul\u00e4ssig:<\/p>\n<ul data-start=\"3440\" data-end=\"3597\">\n<li data-start=\"3440\" data-end=\"3518\">\n<p data-start=\"3442\" data-end=\"3518\">Wir haften nicht f\u00fcr indirekte, zuf\u00e4llige oder Folgesch\u00e4den.<\/p>\n<\/li>\n<li data-start=\"3519\" data-end=\"3597\">\n<p data-start=\"3521\" data-end=\"3597\">Unsere Gesamthaftung ist auf den f\u00fcr die betreffende Bestellung gezahlten Betrag beschr\u00e4nkt.<\/p>\n<\/li>\n<\/ul>\n<h2 data-start=\"3604\" data-end=\"3621\">10. Haftungsausschluss<\/h2>\n<p data-start=\"3623\" data-end=\"3751\">Die Website und ihre Inhalte werden im Ist-Zustand bereitgestellt.<br data-start=\"3681\" data-end=\"3684\" \/>Wir garantieren weder einen ununterbrochenen Zugriff noch fehlerfreie Informationen.<\/p>\n<h2 data-start=\"3758\" data-end=\"3778\">11. Anwendbares Recht<\/h2>\n<p data-start=\"3780\" data-end=\"3939\">Diese Bedingungen unterliegen den Gesetzen von [Land\/Region einf\u00fcgen] und sind nach diesen auszulegen. <strong data-start=\"3858\" data-end=\"3892\">Volksrepublik China<\/strong>, ohne Ber\u00fccksichtigung kollisionsrechtlicher Grunds\u00e4tze.<\/p>\n<h2 data-start=\"3946\" data-end=\"3969\">12. \u00c4nderungen der Nutzungsbedingungen<\/h2>\n<p data-start=\"3971\" data-end=\"4099\">Wir behalten uns das Recht vor, diese Bedingungen jederzeit zu aktualisieren.<br data-start=\"4026\" data-end=\"4029\" \/>Die weitere Nutzung der Website gilt als Zustimmung zu den aktualisierten Nutzungsbedingungen.<\/p>\t\t\t\t\t\t\t\t<\/div>\n\t\t\t\t\t<\/div>\n\t\t\t\t<\/div>\n\t\t\t\t<\/div>","protected":false},"excerpt":{"rendered":"<p>These Terms &amp; Conditions (\u201cTerms\u201d) govern your access to and use of the website operated by Ruian Yaxin Import &amp;<\/p>","protected":false},"author":1,"featured_media":0,"parent":0,"menu_order":0,"comment_status":"closed","ping_status":"open","template":"","meta":{"footnotes":""},"class_list":["post-3","page","type-page","status-publish","hentry"],"_links":{"self":[{"href":"https:\/\/hyundai-truckparts.com\/de\/wp-json\/wp\/v2\/pages\/3","targetHints":{"allow":["GET"]}}],"collection":[{"href":"https:\/\/hyundai-truckparts.com\/de\/wp-json\/wp\/v2\/pages"}],"about":[{"href":"https:\/\/hyundai-truckparts.com\/de\/wp-json\/wp\/v2\/types\/page"}],"author":[{"embeddable":true,"href":"https:\/\/hyundai-truckparts.com\/de\/wp-json\/wp\/v2\/users\/1"}],"replies":[{"embeddable":true,"href":"https:\/\/hyundai-truckparts.com\/de\/wp-json\/wp\/v2\/comments?post=3"}],"version-history":[{"count":8,"href":"https:\/\/hyundai-truckparts.com\/de\/wp-json\/wp\/v2\/pages\/3\/revisions"}],"predecessor-version":[{"id":29070,"href":"https:\/\/hyundai-truckparts.com\/de\/wp-json\/wp\/v2\/pages\/3\/revisions\/29070"}],"wp:attachment":[{"href":"https:\/\/hyundai-truckparts.com\/de\/wp-json\/wp\/v2\/media?parent=3"}],"curies":[{"name":"wp","href":"https:\/\/api.w.org\/{rel}","templated":true}]}}