{"id":3,"date":"2025-12-21T02:29:23","date_gmt":"2025-12-21T02:29:23","guid":{"rendered":"http:\/\/hyundai-truckparts.com\/?page_id=3"},"modified":"2025-12-21T03:23:28","modified_gmt":"2025-12-21T03:23:28","slug":"privacy-policy","status":"publish","type":"page","link":"https:\/\/hyundai-truckparts.com\/es\/politica-de-privacidad\/","title":{"rendered":"pol\u00edtica de privacidad"},"content":{"rendered":"<div data-elementor-type=\"wp-page\" data-elementor-id=\"3\" class=\"elementor elementor-3\" data-elementor-post-type=\"page\">\n\t\t\t\t<div class=\"wd-negative-gap elementor-element elementor-element-46da4140 e-flex e-con-boxed e-con e-parent\" data-id=\"46da4140\" data-element_type=\"container\">\n\t\t\t\t\t<div class=\"e-con-inner\">\n\t\t\t\t<div class=\"elementor-element elementor-element-1dc1daaf color-scheme-inherit text-left elementor-widget elementor-widget-text-editor\" data-id=\"1dc1daaf\" data-element_type=\"widget\" data-widget_type=\"text-editor.default\">\n\t\t\t\t\t\t\t\t\t\n<p data-start=\"213\" data-end=\"459\">Estos T\u00e9rminos y Condiciones (\u201cT\u00e9rminos\u201d) rigen su acceso y uso del sitio web operado por <strong data-start=\"305\" data-end=\"346\">Ruian Yaxin Importaci\u00f3n y Exportaci\u00f3n Co., Ltd.<\/strong> (\u201cnosotros\u201d, \u201cnos\u201d o \u201cnuestro\u201d), que se utiliza para la venta al por mayor y exportaci\u00f3n internacional de repuestos para camiones coreanos (el \u201cSitio\u201d).<\/p>\n<p data-start=\"461\" data-end=\"580\">Al acceder o utilizar este Sitio, usted acepta estos T\u00e9rminos. Si no los acepta, le rogamos que no utilice el Sitio.<\/p>\n<h2 class=\"wp-block-heading\" data-start=\"587\" data-end=\"607\">1. Alcance del negocio<\/h2>\n<p data-start=\"609\" data-end=\"822\">Este sitio est\u00e1 destinado a <strong data-start=\"635\" data-end=\"665\">de empresa a empresa (B2B)<\/strong> S\u00f3lo para fines informativos.<br data-start=\"680\" data-end=\"683\" \/>Nos especializamos en la exportaci\u00f3n y venta al por mayor de <strong data-start=\"728\" data-end=\"750\">Piezas de camiones coreanos<\/strong>, incluidas, entre otras, piezas de veh\u00edculos comerciales Hyundai y Kia.<\/p>\n<p data-start=\"824\" data-end=\"956\">La informaci\u00f3n del producto que se muestra en el Sitio es s\u00f3lo para referencia y no constituye una oferta vinculante a menos que se confirme por escrito.<\/p>\n<h2 data-start=\"963\" data-end=\"987\">2. Uso del sitio web<\/h2>\n<p data-start=\"989\" data-end=\"1061\">Usted acepta utilizar este Sitio \u00fanicamente para fines comerciales l\u00edcitos y no para:<\/p>\n<ul data-start=\"1062\" data-end=\"1280\">\n<li data-start=\"1062\" data-end=\"1114\">\n<p data-start=\"1064\" data-end=\"1114\">Hacer mal uso de los formularios de consulta o enviar informaci\u00f3n falsa<\/p>\n<\/li>\n<li data-start=\"1115\" data-end=\"1165\">\n<p data-start=\"1117\" data-end=\"1165\">Intentar acceder a \u00e1reas restringidas del Sitio<\/p>\n<\/li>\n<li data-start=\"1166\" data-end=\"1222\">\n<p data-start=\"1168\" data-end=\"1222\">Interferir con la seguridad o el funcionamiento del Sitio<\/p>\n<\/li>\n<li data-start=\"1223\" data-end=\"1280\">\n<p data-start=\"1225\" data-end=\"1280\">Utilizar el Sitio para infringir derechos de propiedad intelectual<\/p>\n<\/li>\n<\/ul>\n<p data-start=\"1282\" data-end=\"1365\">Nos reservamos el derecho de restringir o cancelar el acceso al Sitio a nuestra discreci\u00f3n.<\/p>\n<h2 data-start=\"1372\" data-end=\"1413\">3. Informaci\u00f3n y compatibilidad del producto<\/h2>\n<ul data-start=\"1415\" data-end=\"1687\">\n<li data-start=\"1415\" data-end=\"1495\">\n<p data-start=\"1417\" data-end=\"1495\">Las descripciones, im\u00e1genes y especificaciones del producto se proporcionan como referencia.<\/p>\n<\/li>\n<li data-start=\"1496\" data-end=\"1588\">\n<p data-start=\"1498\" data-end=\"1588\">La compatibilidad del veh\u00edculo debe ser confirmada por <strong data-start=\"1543\" data-end=\"1585\">N\u00fameros de piezas OEM o dibujos t\u00e9cnicos<\/strong>.<\/p>\n<\/li>\n<li data-start=\"1589\" data-end=\"1687\">\n<p data-start=\"1591\" data-end=\"1687\">No seremos responsables de pedidos incorrectos debido a informaci\u00f3n inexacta proporcionada por el comprador.<\/p>\n<\/li>\n<\/ul>\n<p data-start=\"1689\" data-end=\"1751\">Todas las especificaciones est\u00e1n sujetas a cambios sin previo aviso.<\/p>\n<h2 data-start=\"1758\" data-end=\"1784\">4. Precios y cotizaciones<\/h2>\n<ul data-start=\"1786\" data-end=\"2061\">\n<li data-start=\"1786\" data-end=\"1858\">\n<p data-start=\"1788\" data-end=\"1858\">Los precios que se muestran en el Sitio son <strong data-start=\"1817\" data-end=\"1830\">no definitivo<\/strong> a menos que se indique expl\u00edcitamente.<\/p>\n<\/li>\n<li data-start=\"1859\" data-end=\"2001\">\n<p data-start=\"1861\" data-end=\"2001\">El precio final, la cantidad m\u00ednima de pedido (MOQ), el plazo de entrega y las condiciones de pago se confirmar\u00e1n por <strong data-start=\"1956\" data-end=\"1998\">cotizaci\u00f3n oficial o factura proforma<\/strong>.<\/p>\n<\/li>\n<li data-start=\"2002\" data-end=\"2061\">\n<p data-start=\"2004\" data-end=\"2061\">Todos los precios est\u00e1n cotizados en <strong data-start=\"2029\" data-end=\"2036\">D\u00f3lar estadounidense<\/strong> a menos que se acuerde lo contrario.<\/p>\n<\/li>\n<\/ul>\n<h2 data-start=\"2068\" data-end=\"2090\">5. Pedidos y pagos<\/h2>\n<ul data-start=\"2092\" data-end=\"2307\">\n<li data-start=\"2092\" data-end=\"2158\">\n<p data-start=\"2094\" data-end=\"2158\">Los pedidos ser\u00e1n vinculantes s\u00f3lo despu\u00e9s de nuestra confirmaci\u00f3n por escrito.<\/p>\n<\/li>\n<li data-start=\"2159\" data-end=\"2226\">\n<p data-start=\"2161\" data-end=\"2226\">Las condiciones de pago pueden incluir T\/T, PayPal u otros m\u00e9todos acordados.<\/p>\n<\/li>\n<li data-start=\"2227\" data-end=\"2307\">\n<p data-start=\"2229\" data-end=\"2307\">Se podr\u00e1 requerir un pago total o parcial por adelantado antes de la producci\u00f3n o el env\u00edo.<\/p>\n<\/li>\n<\/ul>\n<p data-start=\"2309\" data-end=\"2417\">Nos reservamos el derecho de cancelar o rechazar pedidos debido a errores de precios, problemas de stock o problemas de cumplimiento.<\/p>\n<h2 data-start=\"2424\" data-end=\"2449\">6. Env\u00edo y entrega<\/h2>\n<ul data-start=\"2451\" data-end=\"2699\">\n<li data-start=\"2451\" data-end=\"2511\">\n<p data-start=\"2453\" data-end=\"2511\">Las estimaciones de tiempos de entrega se proporcionan s\u00f3lo como referencia.<\/p>\n<\/li>\n<li data-start=\"2512\" data-end=\"2622\">\n<p data-start=\"2514\" data-end=\"2622\">Los retrasos en los env\u00edos internacionales causados por aduanas, transportistas o eventos de fuerza mayor est\u00e1n fuera de nuestro control.<\/p>\n<\/li>\n<li data-start=\"2623\" data-end=\"2699\">\n<p data-start=\"2625\" data-end=\"2699\">El riesgo de p\u00e9rdida se transfiere al comprador en el momento del env\u00edo, a menos que se acuerde lo contrario.<\/p>\n<\/li>\n<\/ul>\n<p data-start=\"2701\" data-end=\"2784\">Los Incoterms (EXW, FOB, CIF, etc.) se especificar\u00e1n en los documentos de pedido confirmado.<\/p>\n<h2 data-start=\"2791\" data-end=\"2813\">7. Devoluciones y reclamaciones<\/h2>\n<ul data-start=\"2815\" data-end=\"3103\">\n<li data-start=\"2815\" data-end=\"2892\">\n<p data-start=\"2817\" data-end=\"2892\">Como proveedor B2B, <strong data-start=\"2836\" data-end=\"2864\">No se aceptan devoluciones<\/strong> a menos que se acuerde por escrito.<\/p>\n<\/li>\n<li data-start=\"2893\" data-end=\"3031\">\n<p data-start=\"2895\" data-end=\"3031\">Las reclamaciones por productos da\u00f1ados, incorrectos o defectuosos deben presentarse dentro de <strong data-start=\"2970\" data-end=\"2991\">7 d\u00edas desde su recepci\u00f3n<\/strong>, con fotograf\u00edas o documentos de respaldo.<\/p>\n<\/li>\n<li data-start=\"3032\" data-end=\"3103\">\n<p data-start=\"3034\" data-end=\"3103\">Nos reservamos el derecho de reparar, reemplazar o acreditar a nuestra discreci\u00f3n.<\/p>\n<\/li>\n<\/ul>\n<h2 data-start=\"3110\" data-end=\"3137\">8. Propiedad intelectual<\/h2>\n<p data-start=\"3139\" data-end=\"3298\">Todo el contenido del Sitio, incluidos textos, im\u00e1genes, logotipos y descripciones de productos, es propiedad de <strong data-start=\"3240\" data-end=\"3281\">Ruian Yaxin Importaci\u00f3n y Exportaci\u00f3n Co., Ltd.<\/strong> o sus socios.<\/p>\n<p data-start=\"3300\" data-end=\"3362\">Se proh\u00edbe el uso, reproducci\u00f3n o distribuci\u00f3n no autorizados.<\/p>\n<h2 data-start=\"3369\" data-end=\"3398\">9. Limitaci\u00f3n de responsabilidad<\/h2>\n<p data-start=\"3400\" data-end=\"3439\">En la medida m\u00e1xima permitida por la ley:<\/p>\n<ul data-start=\"3440\" data-end=\"3597\">\n<li data-start=\"3440\" data-end=\"3518\">\n<p data-start=\"3442\" data-end=\"3518\">No seremos responsables de da\u00f1os indirectos, incidentales o consecuentes.<\/p>\n<\/li>\n<li data-start=\"3519\" data-end=\"3597\">\n<p data-start=\"3521\" data-end=\"3597\">Nuestra responsabilidad total no exceder\u00e1 el monto pagado por el pedido correspondiente.<\/p>\n<\/li>\n<\/ul>\n<h2 data-start=\"3604\" data-end=\"3621\">10. Descargo de responsabilidad<\/h2>\n<p data-start=\"3623\" data-end=\"3751\">El Sitio y su contenido se proporcionan \u201ctal cual\u201d.<br data-start=\"3681\" data-end=\"3684\" \/>No garantizamos acceso ininterrumpido ni informaci\u00f3n libre de errores.<\/p>\n<h2 data-start=\"3758\" data-end=\"3778\">11. Ley aplicable<\/h2>\n<p data-start=\"3780\" data-end=\"3939\">Estos T\u00e9rminos se regir\u00e1n e interpretar\u00e1n de conformidad con las leyes de <strong data-start=\"3858\" data-end=\"3892\">la Rep\u00fablica Popular China<\/strong>, sin tener en cuenta los principios de conflicto de leyes.<\/p>\n<h2 data-start=\"3946\" data-end=\"3969\">12. Cambios en los T\u00e9rminos<\/h2>\n<p data-start=\"3971\" data-end=\"4099\">Nos reservamos el derecho de actualizar estos T\u00e9rminos en cualquier momento.<br data-start=\"4026\" data-end=\"4029\" \/>El uso continuado del Sitio constituye la aceptaci\u00f3n de los T\u00e9rminos actualizados.<\/p>\t\t\t\t\t\t\t\t<\/div>\n\t\t\t\t\t<\/div>\n\t\t\t\t<\/div>\n\t\t\t\t<\/div>","protected":false},"excerpt":{"rendered":"<p>These Terms &amp; Conditions (\u201cTerms\u201d) govern your access to and use of the website operated by Ruian Yaxin Import &amp;<\/p>","protected":false},"author":1,"featured_media":0,"parent":0,"menu_order":0,"comment_status":"closed","ping_status":"open","template":"","meta":{"footnotes":""},"class_list":["post-3","page","type-page","status-publish","hentry"],"_links":{"self":[{"href":"https:\/\/hyundai-truckparts.com\/es\/wp-json\/wp\/v2\/pages\/3","targetHints":{"allow":["GET"]}}],"collection":[{"href":"https:\/\/hyundai-truckparts.com\/es\/wp-json\/wp\/v2\/pages"}],"about":[{"href":"https:\/\/hyundai-truckparts.com\/es\/wp-json\/wp\/v2\/types\/page"}],"author":[{"embeddable":true,"href":"https:\/\/hyundai-truckparts.com\/es\/wp-json\/wp\/v2\/users\/1"}],"replies":[{"embeddable":true,"href":"https:\/\/hyundai-truckparts.com\/es\/wp-json\/wp\/v2\/comments?post=3"}],"version-history":[{"count":8,"href":"https:\/\/hyundai-truckparts.com\/es\/wp-json\/wp\/v2\/pages\/3\/revisions"}],"predecessor-version":[{"id":29070,"href":"https:\/\/hyundai-truckparts.com\/es\/wp-json\/wp\/v2\/pages\/3\/revisions\/29070"}],"wp:attachment":[{"href":"https:\/\/hyundai-truckparts.com\/es\/wp-json\/wp\/v2\/media?parent=3"}],"curies":[{"name":"wp","href":"https:\/\/api.w.org\/{rel}","templated":true}]}}