{"id":30357,"date":"2026-03-19T11:22:01","date_gmt":"2026-03-19T11:22:01","guid":{"rendered":"https:\/\/hyundai-truckparts.com\/?page_id=30357"},"modified":"2026-03-19T11:22:02","modified_gmt":"2026-03-19T11:22:02","slug":"legal-disclaimer","status":"publish","type":"page","link":"https:\/\/hyundai-truckparts.com\/es\/aviso-legal\/","title":{"rendered":"Aviso legal"},"content":{"rendered":"<p>Bienvenido a <strong><a href=\"http:\/\/www.hyundai-truckparts.com\">www.hyundai-truckparts.com<\/a><\/strong>.<\/p>\n\n\n\n<p>Este sitio web es operado como un proveedor independiente de repuestos para el mercado de accesorios y es <strong>No est\u00e1 afiliado, autorizado, respaldado ni conectado de ninguna manera oficialmente con Hyundai Motor Company.<\/strong>o cualquiera de sus subsidiarias o afiliadas.<\/p>\n\n\n\n<p>Todas las referencias a <strong>HYUNDAI<\/strong>Los modelos de veh\u00edculos y los n\u00fameros de pieza se utilizan exclusivamente con fines de identificaci\u00f3n y compatibilidad. Estas referencias tienen como objetivo ayudar a los clientes a identificar las piezas de repuesto adecuadas para sus veh\u00edculos.<\/p>\n\n\n\n<p>Nosotros lo hacemos <strong>No vendemos piezas originales, OEM (fabricante de equipo original) ni autorizadas por el fabricante.<\/strong>Todos los productos disponibles en este sitio web son <strong>piezas de repuesto del mercado de accesorios<\/strong>.<\/p>\n\n\n\n<p>Todas las marcas registradas, nombres comerciales, logotipos y designaciones de modelos mencionados en este sitio web son propiedad de sus respectivos due\u00f1os. Su uso no implica ninguna afiliaci\u00f3n, patrocinio ni respaldo.<\/p>\n\n\n\n<p>Nosotros hacemos <strong>No se reclama la propiedad intelectual ni la autorizaci\u00f3n.<\/strong> de cualquier fabricante de equipo original.<\/p>\n\n\n\n<p>Si usted es propietario o representante de una marca registrada y cree que alg\u00fan contenido de este sitio web puede infringir sus derechos, p\u00f3ngase en contacto con nosotros y revisaremos y atenderemos sus inquietudes con prontitud.<\/p>","protected":false},"excerpt":{"rendered":"<p>Welcome to www.hyundai-truckparts.com. This website is operated as an independent aftermarket parts supplier and is not affiliated with, authorized by,<\/p>","protected":false},"author":1,"featured_media":0,"parent":0,"menu_order":0,"comment_status":"closed","ping_status":"closed","template":"","meta":{"footnotes":""},"class_list":["post-30357","page","type-page","status-publish","hentry"],"_links":{"self":[{"href":"https:\/\/hyundai-truckparts.com\/es\/wp-json\/wp\/v2\/pages\/30357","targetHints":{"allow":["GET"]}}],"collection":[{"href":"https:\/\/hyundai-truckparts.com\/es\/wp-json\/wp\/v2\/pages"}],"about":[{"href":"https:\/\/hyundai-truckparts.com\/es\/wp-json\/wp\/v2\/types\/page"}],"author":[{"embeddable":true,"href":"https:\/\/hyundai-truckparts.com\/es\/wp-json\/wp\/v2\/users\/1"}],"replies":[{"embeddable":true,"href":"https:\/\/hyundai-truckparts.com\/es\/wp-json\/wp\/v2\/comments?post=30357"}],"version-history":[{"count":1,"href":"https:\/\/hyundai-truckparts.com\/es\/wp-json\/wp\/v2\/pages\/30357\/revisions"}],"predecessor-version":[{"id":30359,"href":"https:\/\/hyundai-truckparts.com\/es\/wp-json\/wp\/v2\/pages\/30357\/revisions\/30359"}],"wp:attachment":[{"href":"https:\/\/hyundai-truckparts.com\/es\/wp-json\/wp\/v2\/media?parent=30357"}],"curies":[{"name":"wp","href":"https:\/\/api.w.org\/{rel}","templated":true}]}}