{"id":30016,"date":"2026-01-05T18:07:09","date_gmt":"2026-01-05T18:07:09","guid":{"rendered":"https:\/\/hyundai-truckparts.com\/?post_type=product&#038;p=30016"},"modified":"2026-03-19T11:33:52","modified_gmt":"2026-03-19T11:33:52","slug":"hd-65-72-14t-29t-39t-43220-45200-mt-main-drive-pinion","status":"publish","type":"product","link":"https:\/\/hyundai-truckparts.com\/es\/product\/hd-65-72-14t-29t-39t-43220-45200-mt-main-drive-pinion\/","title":{"rendered":"Pi\u00f1\u00f3n de transmisi\u00f3n principal MT 43220-45200 HD 65\/72 14T\/29T\/39T"},"content":{"rendered":"<p>Hd 65\/72 14t\/29t\/39t 43220-45200 Mt Main Drive Pinion , Find Complete Details about Hd 65\/72 14t\/29t\/39t 43220-45200 Mt Main Drive Pinion from Ruian Yaxin Imp &#038; Exp Co., Ltd. Supplier or Manufacturer on For For Hyundai-truckparts.com<\/p>","protected":false},"excerpt":{"rendered":"<p>Hd 65\/72 14t\/29t\/39t 43220-45200 Mt Main Drive Pinion , Find Complete Details about Hd 65\/72 14t\/29t\/39t 43220-45200 Mt Main Drive<\/p>","protected":false},"featured_media":30036,"comment_status":"closed","ping_status":"closed","template":"","meta":[],"product_brand":[97],"product_cat":[93,83,89],"product_tag":[94,95,96],"class_list":{"0":"post-30016","1":"product","2":"type-product","3":"status-publish","4":"has-post-thumbnail","6":"product_brand-hyundai","7":"product_cat-hyundai","8":"product_cat-mighty","9":"product_cat-mighty-2004-2015","10":"product_tag-hyundai","11":"product_tag-mighty","12":"product_tag-mighty-2004-2015","14":"first","15":"instock","16":"shipping-taxable","17":"product-type-simple"},"_links":{"self":[{"href":"https:\/\/hyundai-truckparts.com\/es\/wp-json\/wp\/v2\/product\/30016","targetHints":{"allow":["GET"]}}],"collection":[{"href":"https:\/\/hyundai-truckparts.com\/es\/wp-json\/wp\/v2\/product"}],"about":[{"href":"https:\/\/hyundai-truckparts.com\/es\/wp-json\/wp\/v2\/types\/product"}],"replies":[{"embeddable":true,"href":"https:\/\/hyundai-truckparts.com\/es\/wp-json\/wp\/v2\/comments?post=30016"}],"version-history":[{"count":2,"href":"https:\/\/hyundai-truckparts.com\/es\/wp-json\/wp\/v2\/product\/30016\/revisions"}],"predecessor-version":[{"id":30436,"href":"https:\/\/hyundai-truckparts.com\/es\/wp-json\/wp\/v2\/product\/30016\/revisions\/30436"}],"wp:featuredmedia":[{"embeddable":true,"href":"https:\/\/hyundai-truckparts.com\/es\/wp-json\/wp\/v2\/media\/30036"}],"wp:attachment":[{"href":"https:\/\/hyundai-truckparts.com\/es\/wp-json\/wp\/v2\/media?parent=30016"}],"wp:term":[{"taxonomy":"product_brand","embeddable":true,"href":"https:\/\/hyundai-truckparts.com\/es\/wp-json\/wp\/v2\/product_brand?post=30016"},{"taxonomy":"product_cat","embeddable":true,"href":"https:\/\/hyundai-truckparts.com\/es\/wp-json\/wp\/v2\/product_cat?post=30016"},{"taxonomy":"product_tag","embeddable":true,"href":"https:\/\/hyundai-truckparts.com\/es\/wp-json\/wp\/v2\/product_tag?post=30016"}],"curies":[{"name":"wp","href":"https:\/\/api.w.org\/{rel}","templated":true}]}}