{"id":30086,"date":"2026-01-05T18:08:28","date_gmt":"2026-01-05T18:08:28","guid":{"rendered":"https:\/\/hyundai-truckparts.com\/?post_type=product&#038;p=30086"},"modified":"2026-03-19T11:33:54","modified_gmt":"2026-03-19T11:33:54","slug":"11-ton-981206a000-wiper-transmission","status":"publish","type":"product","link":"https:\/\/hyundai-truckparts.com\/es\/product\/transmision-de-limpiaparabrisas-981206a000-de-11-toneladas\/","title":{"rendered":"Transmisi\u00f3n de limpiaparabrisas 981206A000 de 11 toneladas"},"content":{"rendered":"<p>Transmisi\u00f3n de limpiaparabrisas de 11 toneladas 981206a000. Encuentre detalles completos sobre la transmisi\u00f3n de limpiaparabrisas de 11 toneladas 981206a000 de Ruian Yaxin Imp &amp; Exp Co., Ltd., proveedor o fabricante, en Hyundai-truckparts.com.<\/p>","protected":false},"excerpt":{"rendered":"<p>11 Ton 981206a000 Wiper Transmission , Find Complete Details about 11 Ton 981206a000 Wiper Transmission from Ruian Yaxin Imp &#038;<\/p>","protected":false},"featured_media":30114,"comment_status":"closed","ping_status":"closed","template":"","meta":[],"product_brand":[97],"product_cat":[93,83,89],"product_tag":[94,95,96],"class_list":{"0":"post-30086","1":"product","2":"type-product","3":"status-publish","4":"has-post-thumbnail","6":"product_brand-hyundai","7":"product_cat-hyundai","8":"product_cat-mighty","9":"product_cat-mighty-2004-2015","10":"product_tag-hyundai","11":"product_tag-mighty","12":"product_tag-mighty-2004-2015","14":"first","15":"instock","16":"shipping-taxable","17":"product-type-simple"},"_links":{"self":[{"href":"https:\/\/hyundai-truckparts.com\/es\/wp-json\/wp\/v2\/product\/30086","targetHints":{"allow":["GET"]}}],"collection":[{"href":"https:\/\/hyundai-truckparts.com\/es\/wp-json\/wp\/v2\/product"}],"about":[{"href":"https:\/\/hyundai-truckparts.com\/es\/wp-json\/wp\/v2\/types\/product"}],"replies":[{"embeddable":true,"href":"https:\/\/hyundai-truckparts.com\/es\/wp-json\/wp\/v2\/comments?post=30086"}],"version-history":[{"count":2,"href":"https:\/\/hyundai-truckparts.com\/es\/wp-json\/wp\/v2\/product\/30086\/revisions"}],"predecessor-version":[{"id":30450,"href":"https:\/\/hyundai-truckparts.com\/es\/wp-json\/wp\/v2\/product\/30086\/revisions\/30450"}],"wp:featuredmedia":[{"embeddable":true,"href":"https:\/\/hyundai-truckparts.com\/es\/wp-json\/wp\/v2\/media\/30114"}],"wp:attachment":[{"href":"https:\/\/hyundai-truckparts.com\/es\/wp-json\/wp\/v2\/media?parent=30086"}],"wp:term":[{"taxonomy":"product_brand","embeddable":true,"href":"https:\/\/hyundai-truckparts.com\/es\/wp-json\/wp\/v2\/product_brand?post=30086"},{"taxonomy":"product_cat","embeddable":true,"href":"https:\/\/hyundai-truckparts.com\/es\/wp-json\/wp\/v2\/product_cat?post=30086"},{"taxonomy":"product_tag","embeddable":true,"href":"https:\/\/hyundai-truckparts.com\/es\/wp-json\/wp\/v2\/product_tag?post=30086"}],"curies":[{"name":"wp","href":"https:\/\/api.w.org\/{rel}","templated":true}]}}