{"id":3,"date":"2025-12-21T02:29:23","date_gmt":"2025-12-21T02:29:23","guid":{"rendered":"http:\/\/hyundai-truckparts.com\/?page_id=3"},"modified":"2025-12-21T03:23:28","modified_gmt":"2025-12-21T03:23:28","slug":"privacy-policy","status":"publish","type":"page","link":"https:\/\/hyundai-truckparts.com\/fr\/politique-de-confidentialite\/","title":{"rendered":"politique de confidentialit\u00e9"},"content":{"rendered":"<div data-elementor-type=\"wp-page\" data-elementor-id=\"3\" class=\"elementor elementor-3\" data-elementor-post-type=\"page\">\n\t\t\t\t<div class=\"wd-negative-gap elementor-element elementor-element-46da4140 e-flex e-con-boxed e-con e-parent\" data-id=\"46da4140\" data-element_type=\"container\">\n\t\t\t\t\t<div class=\"e-con-inner\">\n\t\t\t\t<div class=\"elementor-element elementor-element-1dc1daaf color-scheme-inherit text-left elementor-widget elementor-widget-text-editor\" data-id=\"1dc1daaf\" data-element_type=\"widget\" data-widget_type=\"text-editor.default\">\n\t\t\t\t\t\t\t\t\t\n<p data-start=\"213\" data-end=\"459\">Les pr\u00e9sentes conditions g\u00e9n\u00e9rales (\u00ab\u00a0Conditions\u00a0\u00bb) r\u00e9gissent votre acc\u00e8s au site Web exploit\u00e9 par et son utilisation. <strong data-start=\"305\" data-end=\"346\">Ruian Yaxin Import &amp; Export Co., Ltd.<\/strong> (\u00ab nous \u00bb, \u00ab notre \u00bb ou \u00ab nos \u00bb), qui est utilis\u00e9 pour la vente en gros et l\u2019exportation internationales de pi\u00e8ces d\u00e9tach\u00e9es pour camions cor\u00e9ens (le \u00ab Site \u00bb).<\/p>\n<p data-start=\"461\" data-end=\"580\">En acc\u00e9dant \u00e0 ce site ou en l&#039;utilisant, vous acceptez d&#039;\u00eatre li\u00e9 par les pr\u00e9sentes conditions d&#039;utilisation. Si vous n&#039;acceptez pas ces conditions, veuillez ne pas utiliser le site.<\/p>\n<h2 class=\"wp-block-heading\" data-start=\"587\" data-end=\"607\">1. Champ d&#039;application de l&#039;activit\u00e9<\/h2>\n<p data-start=\"609\" data-end=\"822\">Ce site est destin\u00e9 \u00e0 <strong data-start=\"635\" data-end=\"665\">interentreprises (B2B)<\/strong> \u00e0 des fins uniquement.<br data-start=\"680\" data-end=\"683\" \/>Nous sommes sp\u00e9cialis\u00e9s dans l&#039;exportation et la vente en gros de <strong data-start=\"728\" data-end=\"750\">pi\u00e8ces d\u00e9tach\u00e9es pour camions cor\u00e9ens<\/strong>, y compris, mais sans s&#039;y limiter, les pi\u00e8ces pour v\u00e9hicules utilitaires Hyundai et Kia.<\/p>\n<p data-start=\"824\" data-end=\"956\">Les informations sur les produits affich\u00e9es sur le Site sont donn\u00e9es \u00e0 titre indicatif uniquement et ne constituent pas une offre ferme, sauf confirmation \u00e9crite.<\/p>\n<h2 data-start=\"963\" data-end=\"987\">2. Utilisation du site Web<\/h2>\n<p data-start=\"989\" data-end=\"1061\">Vous acceptez d&#039;utiliser ce Site uniquement \u00e0 des fins commerciales licites et de ne pas :<\/p>\n<ul data-start=\"1062\" data-end=\"1280\">\n<li data-start=\"1062\" data-end=\"1114\">\n<p data-start=\"1064\" data-end=\"1114\">Utiliser abusivement les formulaires de demande de renseignements ou soumettre de fausses informations<\/p>\n<\/li>\n<li data-start=\"1115\" data-end=\"1165\">\n<p data-start=\"1117\" data-end=\"1165\">Tentative d&#039;acc\u00e8s aux zones restreintes du site<\/p>\n<\/li>\n<li data-start=\"1166\" data-end=\"1222\">\n<p data-start=\"1168\" data-end=\"1222\">Perturber la s\u00e9curit\u00e9 ou le fonctionnement du Site<\/p>\n<\/li>\n<li data-start=\"1223\" data-end=\"1280\">\n<p data-start=\"1225\" data-end=\"1280\">Utiliser le Site pour enfreindre les droits de propri\u00e9t\u00e9 intellectuelle<\/p>\n<\/li>\n<\/ul>\n<p data-start=\"1282\" data-end=\"1365\">Nous nous r\u00e9servons le droit de restreindre ou de mettre fin \u00e0 l&#039;acc\u00e8s au Site \u00e0 notre enti\u00e8re discr\u00e9tion.<\/p>\n<h2 data-start=\"1372\" data-end=\"1413\">3. Informations sur le produit et compatibilit\u00e9<\/h2>\n<ul data-start=\"1415\" data-end=\"1687\">\n<li data-start=\"1415\" data-end=\"1495\">\n<p data-start=\"1417\" data-end=\"1495\">Les descriptions, images et sp\u00e9cifications des produits sont fournies \u00e0 titre de r\u00e9f\u00e9rence.<\/p>\n<\/li>\n<li data-start=\"1496\" data-end=\"1588\">\n<p data-start=\"1498\" data-end=\"1588\">La compatibilit\u00e9 du v\u00e9hicule doit \u00eatre confirm\u00e9e par <strong data-start=\"1543\" data-end=\"1585\">Num\u00e9ros de pi\u00e8ces OEM ou dessins techniques<\/strong>.<\/p>\n<\/li>\n<li data-start=\"1589\" data-end=\"1687\">\n<p data-start=\"1591\" data-end=\"1687\">Nous ne sommes pas responsables des commandes incorrectes dues \u00e0 des informations inexactes fournies par l&#039;acheteur.<\/p>\n<\/li>\n<\/ul>\n<p data-start=\"1689\" data-end=\"1751\">Toutes les sp\u00e9cifications sont susceptibles d&#039;\u00eatre modifi\u00e9es sans pr\u00e9avis.<\/p>\n<h2 data-start=\"1758\" data-end=\"1784\">4. Tarification et devis<\/h2>\n<ul data-start=\"1786\" data-end=\"2061\">\n<li data-start=\"1786\" data-end=\"1858\">\n<p data-start=\"1788\" data-end=\"1858\">Les prix affich\u00e9s sur le site sont <strong data-start=\"1817\" data-end=\"1830\">non d\u00e9finitif<\/strong> sauf indication contraire.<\/p>\n<\/li>\n<li data-start=\"1859\" data-end=\"2001\">\n<p data-start=\"1861\" data-end=\"2001\">Le prix final, la quantit\u00e9 minimale de commande (QMC), le d\u00e9lai de livraison et les conditions de paiement seront confirm\u00e9s par <strong data-start=\"1956\" data-end=\"1998\">devis officiel ou facture pro forma<\/strong>.<\/p>\n<\/li>\n<li data-start=\"2002\" data-end=\"2061\">\n<p data-start=\"2004\" data-end=\"2061\">Tous les prix sont indiqu\u00e9s en <strong data-start=\"2029\" data-end=\"2036\">USD<\/strong> sauf accord contraire.<\/p>\n<\/li>\n<\/ul>\n<h2 data-start=\"2068\" data-end=\"2090\">5. Commandes et paiements<\/h2>\n<ul data-start=\"2092\" data-end=\"2307\">\n<li data-start=\"2092\" data-end=\"2158\">\n<p data-start=\"2094\" data-end=\"2158\">Les commandes ne deviennent d\u00e9finitives qu&#039;apr\u00e8s confirmation \u00e9crite de notre part.<\/p>\n<\/li>\n<li data-start=\"2159\" data-end=\"2226\">\n<p data-start=\"2161\" data-end=\"2226\">Les modalit\u00e9s de paiement peuvent inclure le virement bancaire (T\/T), PayPal ou d&#039;autres m\u00e9thodes convenues.<\/p>\n<\/li>\n<li data-start=\"2227\" data-end=\"2307\">\n<p data-start=\"2229\" data-end=\"2307\">Un paiement anticip\u00e9, total ou partiel, peut \u00eatre exig\u00e9 avant la production ou l&#039;exp\u00e9dition.<\/p>\n<\/li>\n<\/ul>\n<p data-start=\"2309\" data-end=\"2417\">Nous nous r\u00e9servons le droit d&#039;annuler ou de refuser des commandes en cas d&#039;erreur de prix, de probl\u00e8me de stock ou de non-conformit\u00e9.<\/p>\n<h2 data-start=\"2424\" data-end=\"2449\">6. Exp\u00e9dition et livraison<\/h2>\n<ul data-start=\"2451\" data-end=\"2699\">\n<li data-start=\"2451\" data-end=\"2511\">\n<p data-start=\"2453\" data-end=\"2511\">Les d\u00e9lais de livraison estim\u00e9s sont fournis \u00e0 titre indicatif uniquement.<\/p>\n<\/li>\n<li data-start=\"2512\" data-end=\"2622\">\n<p data-start=\"2514\" data-end=\"2622\">Les retards de livraison internationaux caus\u00e9s par les douanes, les transporteurs ou les cas de force majeure sont ind\u00e9pendants de notre volont\u00e9.<\/p>\n<\/li>\n<li data-start=\"2623\" data-end=\"2699\">\n<p data-start=\"2625\" data-end=\"2699\">Le risque de perte est transf\u00e9r\u00e9 \u00e0 l&#039;acheteur d\u00e8s l&#039;exp\u00e9dition, sauf accord contraire.<\/p>\n<\/li>\n<\/ul>\n<p data-start=\"2701\" data-end=\"2784\">Les Incoterms (EXW, FOB, CIF, etc.) seront sp\u00e9cifi\u00e9s dans les documents de commande confirm\u00e9s.<\/p>\n<h2 data-start=\"2791\" data-end=\"2813\">7. Retours et r\u00e9clamations<\/h2>\n<ul data-start=\"2815\" data-end=\"3103\">\n<li data-start=\"2815\" data-end=\"2892\">\n<p data-start=\"2817\" data-end=\"2892\">En tant que fournisseur B2B, <strong data-start=\"2836\" data-end=\"2864\">Les retours ne sont pas accept\u00e9s.<\/strong> sauf accord \u00e9crit.<\/p>\n<\/li>\n<li data-start=\"2893\" data-end=\"3031\">\n<p data-start=\"2895\" data-end=\"3031\">Les r\u00e9clamations pour marchandises endommag\u00e9es, incorrectes ou d\u00e9fectueuses doivent \u00eatre soumises dans un d\u00e9lai de <strong data-start=\"2970\" data-end=\"2991\">7 jours apr\u00e8s r\u00e9ception<\/strong>, avec photos ou documents justificatifs.<\/p>\n<\/li>\n<li data-start=\"3032\" data-end=\"3103\">\n<p data-start=\"3034\" data-end=\"3103\">Nous nous r\u00e9servons le droit de r\u00e9parer, de remplacer ou d&#039;accorder un cr\u00e9dit \u00e0 notre discr\u00e9tion.<\/p>\n<\/li>\n<\/ul>\n<h2 data-start=\"3110\" data-end=\"3137\">8. Propri\u00e9t\u00e9 intellectuelle<\/h2>\n<p data-start=\"3139\" data-end=\"3298\">L&#039;ensemble du contenu du Site, y compris les textes, les images, les logos et les descriptions de produits, est la propri\u00e9t\u00e9 de <strong data-start=\"3240\" data-end=\"3281\">Ruian Yaxin Import &amp; Export Co., Ltd.<\/strong> ou ses partenaires.<\/p>\n<p data-start=\"3300\" data-end=\"3362\">Toute utilisation, reproduction ou distribution non autoris\u00e9e est interdite.<\/p>\n<h2 data-start=\"3369\" data-end=\"3398\">9. Limitation de responsabilit\u00e9<\/h2>\n<p data-start=\"3400\" data-end=\"3439\">Dans toute la mesure permise par la loi\u00a0:<\/p>\n<ul data-start=\"3440\" data-end=\"3597\">\n<li data-start=\"3440\" data-end=\"3518\">\n<p data-start=\"3442\" data-end=\"3518\">Nous ne serons pas responsables des dommages indirects, accessoires ou cons\u00e9cutifs.<\/p>\n<\/li>\n<li data-start=\"3519\" data-end=\"3597\">\n<p data-start=\"3521\" data-end=\"3597\">Notre responsabilit\u00e9 totale ne saurait exc\u00e9der le montant pay\u00e9 pour la commande concern\u00e9e.<\/p>\n<\/li>\n<\/ul>\n<h2 data-start=\"3604\" data-end=\"3621\">10. Clause de non-responsabilit\u00e9<\/h2>\n<p data-start=\"3623\" data-end=\"3751\">Le Site et son contenu sont fournis \u00ab en l\u2019\u00e9tat \u00bb.<br data-start=\"3681\" data-end=\"3684\" \/>Nous ne garantissons pas un acc\u00e8s ininterrompu ni des informations exemptes d&#039;erreurs.<\/p>\n<h2 data-start=\"3758\" data-end=\"3778\">11. Droit applicable<\/h2>\n<p data-start=\"3780\" data-end=\"3939\">Les pr\u00e9sentes conditions g\u00e9n\u00e9rales sont r\u00e9gies et interpr\u00e9t\u00e9es conform\u00e9ment aux lois de <strong data-start=\"3858\" data-end=\"3892\">la R\u00e9publique populaire de Chine<\/strong>, sans \u00e9gard aux principes relatifs aux conflits de lois.<\/p>\n<h2 data-start=\"3946\" data-end=\"3969\">12. Modifications des conditions<\/h2>\n<p data-start=\"3971\" data-end=\"4099\">Nous nous r\u00e9servons le droit de mettre \u00e0 jour ces conditions \u00e0 tout moment.<br data-start=\"4026\" data-end=\"4029\" \/>La poursuite de l&#039;utilisation du Site constitue l&#039;acceptation des conditions g\u00e9n\u00e9rales mises \u00e0 jour.<\/p>\t\t\t\t\t\t\t\t<\/div>\n\t\t\t\t\t<\/div>\n\t\t\t\t<\/div>\n\t\t\t\t<\/div>","protected":false},"excerpt":{"rendered":"<p>These Terms &amp; Conditions (\u201cTerms\u201d) govern your access to and use of the website operated by Ruian Yaxin Import &amp;<\/p>","protected":false},"author":1,"featured_media":0,"parent":0,"menu_order":0,"comment_status":"closed","ping_status":"open","template":"","meta":{"footnotes":""},"class_list":["post-3","page","type-page","status-publish","hentry"],"_links":{"self":[{"href":"https:\/\/hyundai-truckparts.com\/fr\/wp-json\/wp\/v2\/pages\/3","targetHints":{"allow":["GET"]}}],"collection":[{"href":"https:\/\/hyundai-truckparts.com\/fr\/wp-json\/wp\/v2\/pages"}],"about":[{"href":"https:\/\/hyundai-truckparts.com\/fr\/wp-json\/wp\/v2\/types\/page"}],"author":[{"embeddable":true,"href":"https:\/\/hyundai-truckparts.com\/fr\/wp-json\/wp\/v2\/users\/1"}],"replies":[{"embeddable":true,"href":"https:\/\/hyundai-truckparts.com\/fr\/wp-json\/wp\/v2\/comments?post=3"}],"version-history":[{"count":8,"href":"https:\/\/hyundai-truckparts.com\/fr\/wp-json\/wp\/v2\/pages\/3\/revisions"}],"predecessor-version":[{"id":29070,"href":"https:\/\/hyundai-truckparts.com\/fr\/wp-json\/wp\/v2\/pages\/3\/revisions\/29070"}],"wp:attachment":[{"href":"https:\/\/hyundai-truckparts.com\/fr\/wp-json\/wp\/v2\/media?parent=3"}],"curies":[{"name":"wp","href":"https:\/\/api.w.org\/{rel}","templated":true}]}}