{"id":30357,"date":"2026-03-19T11:22:01","date_gmt":"2026-03-19T11:22:01","guid":{"rendered":"https:\/\/hyundai-truckparts.com\/?page_id=30357"},"modified":"2026-03-19T11:22:02","modified_gmt":"2026-03-19T11:22:02","slug":"legal-disclaimer","status":"publish","type":"page","link":"https:\/\/hyundai-truckparts.com\/fr\/mention-legale\/","title":{"rendered":"Mentions l\u00e9gales"},"content":{"rendered":"<p>Bienvenue sur <strong><a href=\"http:\/\/www.hyundai-truckparts.com\">www.hyundai-truckparts.com<\/a><\/strong>.<\/p>\n\n\n\n<p>Ce site web est exploit\u00e9 en tant que fournisseur ind\u00e9pendant de pi\u00e8ces de rechange et est <strong>non affili\u00e9 \u00e0, autoris\u00e9 par, approuv\u00e9 par, ou li\u00e9 de quelque mani\u00e8re que ce soit \u00e0 Hyundai Motor Company<\/strong>, ou l&#039;une de ses filiales ou soci\u00e9t\u00e9s affili\u00e9es.<\/p>\n\n\n\n<p>Toutes les r\u00e9f\u00e9rences \u00e0 <strong>HYUNDAI<\/strong>Les mod\u00e8les de v\u00e9hicules et les r\u00e9f\u00e9rences des pi\u00e8ces sont utilis\u00e9s uniquement \u00e0 des fins d&#039;identification et de compatibilit\u00e9. Ces r\u00e9f\u00e9rences visent \u00e0 aider les clients \u00e0 trouver les pi\u00e8ces de rechange compatibles avec leurs v\u00e9hicules.<\/p>\n\n\n\n<p>Nous le faisons <strong>ne pas vendre de pi\u00e8ces authentiques, OEM (Original Equipment Manufacturer) ou autoris\u00e9es par le fabricant<\/strong>Tous les produits disponibles sur ce site Web sont <strong>pi\u00e8ces de rechange de rechange<\/strong>.<\/p>\n\n\n\n<p>Toutes les marques commerciales, d\u00e9nominations commerciales, logos et d\u00e9signations de mod\u00e8les mentionn\u00e9s sur ce site Web appartiennent \u00e0 leurs propri\u00e9taires respectifs. Leur utilisation n&#039;implique aucune affiliation, aucun parrainage ni aucune approbation.<\/p>\n\n\n\n<p>Nous fabriquons <strong>aucune revendication de propri\u00e9t\u00e9 intellectuelle ni autorisation<\/strong> de n&#039;importe quel fabricant d&#039;\u00e9quipement d&#039;origine.<\/p>\n\n\n\n<p>Si vous \u00eates propri\u00e9taire ou repr\u00e9sentant d&#039;une marque d\u00e9pos\u00e9e et que vous pensez que le contenu de ce site Web peut porter atteinte \u00e0 vos droits, veuillez nous contacter. Nous examinerons et traiterons rapidement votre demande.<\/p>","protected":false},"excerpt":{"rendered":"<p>Welcome to www.hyundai-truckparts.com. This website is operated as an independent aftermarket parts supplier and is not affiliated with, authorized by,<\/p>","protected":false},"author":1,"featured_media":0,"parent":0,"menu_order":0,"comment_status":"closed","ping_status":"closed","template":"","meta":{"footnotes":""},"class_list":["post-30357","page","type-page","status-publish","hentry"],"_links":{"self":[{"href":"https:\/\/hyundai-truckparts.com\/fr\/wp-json\/wp\/v2\/pages\/30357","targetHints":{"allow":["GET"]}}],"collection":[{"href":"https:\/\/hyundai-truckparts.com\/fr\/wp-json\/wp\/v2\/pages"}],"about":[{"href":"https:\/\/hyundai-truckparts.com\/fr\/wp-json\/wp\/v2\/types\/page"}],"author":[{"embeddable":true,"href":"https:\/\/hyundai-truckparts.com\/fr\/wp-json\/wp\/v2\/users\/1"}],"replies":[{"embeddable":true,"href":"https:\/\/hyundai-truckparts.com\/fr\/wp-json\/wp\/v2\/comments?post=30357"}],"version-history":[{"count":1,"href":"https:\/\/hyundai-truckparts.com\/fr\/wp-json\/wp\/v2\/pages\/30357\/revisions"}],"predecessor-version":[{"id":30359,"href":"https:\/\/hyundai-truckparts.com\/fr\/wp-json\/wp\/v2\/pages\/30357\/revisions\/30359"}],"wp:attachment":[{"href":"https:\/\/hyundai-truckparts.com\/fr\/wp-json\/wp\/v2\/media?parent=30357"}],"curies":[{"name":"wp","href":"https:\/\/api.w.org\/{rel}","templated":true}]}}