{"id":29546,"date":"2026-01-05T18:00:21","date_gmt":"2026-01-05T18:00:21","guid":{"rendered":"https:\/\/hyundai-truckparts.com\/?post_type=product&#038;p=29546"},"modified":"2026-03-19T11:33:42","modified_gmt":"2026-03-19T11:33:42","slug":"high-quality-rear-view-mirror-for-mighty-model-no-85101-5h000-made-of-durable-abs-material","status":"publish","type":"product","link":"https:\/\/hyundai-truckparts.com\/fr\/product\/high-quality-rear-view-mirror-for-mighty-model-no-85101-5h000-made-of-durable-abs-material\/","title":{"rendered":"R\u00e9troviseur de haute qualit\u00e9 pour Mighty, mod\u00e8le n\u00b0 85101-5H000. Fabriqu\u00e9 en ABS durable."},"content":{"rendered":"<p>High Quality Rear View Mirror For Mighty Model No. 85101-5h000 Made Of Durable Abs Material , Find Complete Details about High Quality Rear View Mirror For Mighty Model No. 85101-5h000 Made Of Durable Abs Material from Ruian Yaxin Imp &#038; Exp Co., Ltd. Supplier or Manufacturer on For For Hyundai-truckparts.com<\/p>","protected":false},"excerpt":{"rendered":"<p>High Quality Rear View Mirror For Mighty Model No. 85101-5h000 Made Of Durable Abs Material , Find Complete Details about<\/p>","protected":false},"featured_media":29599,"comment_status":"closed","ping_status":"closed","template":"","meta":[],"product_brand":[97],"product_cat":[93,83,89],"product_tag":[94,95,96],"class_list":{"0":"post-29546","1":"product","2":"type-product","3":"status-publish","4":"has-post-thumbnail","6":"product_brand-hyundai","7":"product_cat-hyundai","8":"product_cat-mighty","9":"product_cat-mighty-2004-2015","10":"product_tag-hyundai","11":"product_tag-mighty","12":"product_tag-mighty-2004-2015","14":"first","15":"instock","16":"shipping-taxable","17":"product-type-simple"},"_links":{"self":[{"href":"https:\/\/hyundai-truckparts.com\/fr\/wp-json\/wp\/v2\/product\/29546","targetHints":{"allow":["GET"]}}],"collection":[{"href":"https:\/\/hyundai-truckparts.com\/fr\/wp-json\/wp\/v2\/product"}],"about":[{"href":"https:\/\/hyundai-truckparts.com\/fr\/wp-json\/wp\/v2\/types\/product"}],"replies":[{"embeddable":true,"href":"https:\/\/hyundai-truckparts.com\/fr\/wp-json\/wp\/v2\/comments?post=29546"}],"version-history":[{"count":2,"href":"https:\/\/hyundai-truckparts.com\/fr\/wp-json\/wp\/v2\/product\/29546\/revisions"}],"predecessor-version":[{"id":30373,"href":"https:\/\/hyundai-truckparts.com\/fr\/wp-json\/wp\/v2\/product\/29546\/revisions\/30373"}],"wp:featuredmedia":[{"embeddable":true,"href":"https:\/\/hyundai-truckparts.com\/fr\/wp-json\/wp\/v2\/media\/29599"}],"wp:attachment":[{"href":"https:\/\/hyundai-truckparts.com\/fr\/wp-json\/wp\/v2\/media?parent=29546"}],"wp:term":[{"taxonomy":"product_brand","embeddable":true,"href":"https:\/\/hyundai-truckparts.com\/fr\/wp-json\/wp\/v2\/product_brand?post=29546"},{"taxonomy":"product_cat","embeddable":true,"href":"https:\/\/hyundai-truckparts.com\/fr\/wp-json\/wp\/v2\/product_cat?post=29546"},{"taxonomy":"product_tag","embeddable":true,"href":"https:\/\/hyundai-truckparts.com\/fr\/wp-json\/wp\/v2\/product_tag?post=29546"}],"curies":[{"name":"wp","href":"https:\/\/api.w.org\/{rel}","templated":true}]}}