{"id":29707,"date":"2026-01-05T18:02:14","date_gmt":"2026-01-05T18:02:14","guid":{"rendered":"https:\/\/hyundai-truckparts.com\/?post_type=product&#038;p=29707"},"modified":"2026-03-19T11:33:46","modified_gmt":"2026-03-19T11:33:46","slug":"hd-truck-mighty-part-no-25100-41700-new-water-pump-for-car-model","status":"publish","type":"product","link":"https:\/\/hyundai-truckparts.com\/fr\/product\/hd-truck-mighty-part-no-25100-41700-new-water-pump-for-car-model\/","title":{"rendered":"Pompe \u00e0 eau neuve HD Truck Mighty, r\u00e9f\u00e9rence 25100-41700, pour mod\u00e8le de voiture"},"content":{"rendered":"<p>Hd Truck Mighty Part No.25100-41700 New Water Pump For Car Model , Find Complete Details about Hd Truck Mighty Part No.25100-41700 New Water Pump For Car Model from Ruian Yaxin Imp &#038; Exp Co., Ltd. Supplier or Manufacturer on For For Hyundai-truckparts.com<\/p>","protected":false},"excerpt":{"rendered":"<p>Hd Truck Mighty Part No.25100-41700 New Water Pump For Car Model , Find Complete Details about Hd Truck Mighty Part<\/p>","protected":false},"featured_media":29757,"comment_status":"closed","ping_status":"closed","template":"","meta":[],"product_brand":[97],"product_cat":[93,83,89],"product_tag":[94,95,96],"class_list":{"0":"post-29707","1":"product","2":"type-product","3":"status-publish","4":"has-post-thumbnail","6":"product_brand-hyundai","7":"product_cat-hyundai","8":"product_cat-mighty","9":"product_cat-mighty-2004-2015","10":"product_tag-hyundai","11":"product_tag-mighty","12":"product_tag-mighty-2004-2015","14":"first","15":"instock","16":"shipping-taxable","17":"product-type-simple"},"_links":{"self":[{"href":"https:\/\/hyundai-truckparts.com\/fr\/wp-json\/wp\/v2\/product\/29707","targetHints":{"allow":["GET"]}}],"collection":[{"href":"https:\/\/hyundai-truckparts.com\/fr\/wp-json\/wp\/v2\/product"}],"about":[{"href":"https:\/\/hyundai-truckparts.com\/fr\/wp-json\/wp\/v2\/types\/product"}],"replies":[{"embeddable":true,"href":"https:\/\/hyundai-truckparts.com\/fr\/wp-json\/wp\/v2\/comments?post=29707"}],"version-history":[{"count":2,"href":"https:\/\/hyundai-truckparts.com\/fr\/wp-json\/wp\/v2\/product\/29707\/revisions"}],"predecessor-version":[{"id":30395,"href":"https:\/\/hyundai-truckparts.com\/fr\/wp-json\/wp\/v2\/product\/29707\/revisions\/30395"}],"wp:featuredmedia":[{"embeddable":true,"href":"https:\/\/hyundai-truckparts.com\/fr\/wp-json\/wp\/v2\/media\/29757"}],"wp:attachment":[{"href":"https:\/\/hyundai-truckparts.com\/fr\/wp-json\/wp\/v2\/media?parent=29707"}],"wp:term":[{"taxonomy":"product_brand","embeddable":true,"href":"https:\/\/hyundai-truckparts.com\/fr\/wp-json\/wp\/v2\/product_brand?post=29707"},{"taxonomy":"product_cat","embeddable":true,"href":"https:\/\/hyundai-truckparts.com\/fr\/wp-json\/wp\/v2\/product_cat?post=29707"},{"taxonomy":"product_tag","embeddable":true,"href":"https:\/\/hyundai-truckparts.com\/fr\/wp-json\/wp\/v2\/product_tag?post=29707"}],"curies":[{"name":"wp","href":"https:\/\/api.w.org\/{rel}","templated":true}]}}