{"id":30166,"date":"2026-01-05T18:09:46","date_gmt":"2026-01-05T18:09:46","guid":{"rendered":"https:\/\/hyundai-truckparts.com\/?post_type=product&#038;p=30166"},"modified":"2026-03-19T11:33:57","modified_gmt":"2026-03-19T11:33:57","slug":"halogen-xenon-taillights-model-h100-92401-4f000-92402-4f000","status":"publish","type":"product","link":"https:\/\/hyundai-truckparts.com\/fr\/product\/feux-arriere-halogenes-au-xenon-modele-h100-92401-4f000-92402-4f000\/","title":{"rendered":"Feux arri\u00e8re halog\u00e8nes et x\u00e9non Mod\u00e8le H100 92401-4F000 et 92402-4F000"},"content":{"rendered":"<p>Halogen &amp; Xenon Taillights Model H100 92401-4f000 &amp; 92402-4f000 , Find Complete Details about Halogen &amp; Xenon Taillights Model H100 92401-4f000 &amp; 92402-4f000 from Ruian Yaxin Imp &#038; Exp Co., Ltd. Supplier or Manufacturer on For For Hyundai-truckparts.com<\/p>","protected":false},"excerpt":{"rendered":"<p>Halogen &amp; Xenon Taillights Model H100 92401-4f000 &amp; 92402-4f000 , Find Complete Details about Halogen &amp; Xenon Taillights Model H100<\/p>","protected":false},"featured_media":30242,"comment_status":"closed","ping_status":"closed","template":"","meta":[],"product_brand":[97],"product_cat":[93,84,92],"product_tag":[94,179,181],"class_list":{"0":"post-30166","1":"product","2":"type-product","3":"status-publish","4":"has-post-thumbnail","6":"product_brand-hyundai","7":"product_cat-hyundai","8":"product_cat-porter","9":"product_cat-porter-ii-2004","10":"product_tag-hyundai","11":"product_tag-porter","12":"product_tag-porter-ii-2004","14":"first","15":"instock","16":"shipping-taxable","17":"product-type-simple"},"_links":{"self":[{"href":"https:\/\/hyundai-truckparts.com\/fr\/wp-json\/wp\/v2\/product\/30166","targetHints":{"allow":["GET"]}}],"collection":[{"href":"https:\/\/hyundai-truckparts.com\/fr\/wp-json\/wp\/v2\/product"}],"about":[{"href":"https:\/\/hyundai-truckparts.com\/fr\/wp-json\/wp\/v2\/types\/product"}],"replies":[{"embeddable":true,"href":"https:\/\/hyundai-truckparts.com\/fr\/wp-json\/wp\/v2\/comments?post=30166"}],"version-history":[{"count":2,"href":"https:\/\/hyundai-truckparts.com\/fr\/wp-json\/wp\/v2\/product\/30166\/revisions"}],"predecessor-version":[{"id":30467,"href":"https:\/\/hyundai-truckparts.com\/fr\/wp-json\/wp\/v2\/product\/30166\/revisions\/30467"}],"wp:featuredmedia":[{"embeddable":true,"href":"https:\/\/hyundai-truckparts.com\/fr\/wp-json\/wp\/v2\/media\/30242"}],"wp:attachment":[{"href":"https:\/\/hyundai-truckparts.com\/fr\/wp-json\/wp\/v2\/media?parent=30166"}],"wp:term":[{"taxonomy":"product_brand","embeddable":true,"href":"https:\/\/hyundai-truckparts.com\/fr\/wp-json\/wp\/v2\/product_brand?post=30166"},{"taxonomy":"product_cat","embeddable":true,"href":"https:\/\/hyundai-truckparts.com\/fr\/wp-json\/wp\/v2\/product_cat?post=30166"},{"taxonomy":"product_tag","embeddable":true,"href":"https:\/\/hyundai-truckparts.com\/fr\/wp-json\/wp\/v2\/product_tag?post=30166"}],"curies":[{"name":"wp","href":"https:\/\/api.w.org\/{rel}","templated":true}]}}