{"id":3,"date":"2025-12-21T02:29:23","date_gmt":"2025-12-21T02:29:23","guid":{"rendered":"http:\/\/hyundai-truckparts.com\/?page_id=3"},"modified":"2025-12-21T03:23:28","modified_gmt":"2025-12-21T03:23:28","slug":"privacy-policy","status":"publish","type":"page","link":"https:\/\/hyundai-truckparts.com\/vi\/chinh-sach-bao-mat\/","title":{"rendered":"Ch\u00ednh s\u00e1ch b\u1ea3o m\u1eadt"},"content":{"rendered":"<div data-elementor-type=\"wp-page\" data-elementor-id=\"3\" class=\"elementor elementor-3\" data-elementor-post-type=\"page\">\n\t\t\t\t<div class=\"wd-negative-gap elementor-element elementor-element-46da4140 e-flex e-con-boxed e-con e-parent\" data-id=\"46da4140\" data-element_type=\"container\">\n\t\t\t\t\t<div class=\"e-con-inner\">\n\t\t\t\t<div class=\"elementor-element elementor-element-1dc1daaf color-scheme-inherit text-left elementor-widget elementor-widget-text-editor\" data-id=\"1dc1daaf\" data-element_type=\"widget\" data-widget_type=\"text-editor.default\">\n\t\t\t\t\t\t\t\t\t\n<p data-start=\"213\" data-end=\"459\">C\u00e1c \u0110i\u1ec1u kho\u1ea3n v\u00e0 \u0110i\u1ec1u ki\u1ec7n n\u00e0y (\u201c\u0110i\u1ec1u kho\u1ea3n\u201d) \u0111i\u1ec1u ch\u1ec9nh vi\u1ec7c b\u1ea1n truy c\u1eadp v\u00e0 s\u1eed d\u1ee5ng trang web do v\u1eadn h\u00e0nh. <strong data-start=\"305\" data-end=\"346\">C\u00f4ng ty TNHH Xu\u1ea5t Nh\u1eadp kh\u1ea9u Ruian Yaxin<\/strong> (\u201cch\u00fang t\u00f4i,\u201d \u201cch\u00fang ta,\u201d ho\u1eb7c \u201cc\u1ee7a ch\u00fang t\u00f4i\u201d), \u0111\u01b0\u1ee3c s\u1eed d\u1ee5ng cho ho\u1ea1t \u0111\u1ed9ng b\u00e1n bu\u00f4n v\u00e0 xu\u1ea5t kh\u1ea9u qu\u1ed1c t\u1ebf c\u00e1c ph\u1ee5 t\u00f9ng xe t\u1ea3i H\u00e0n Qu\u1ed1c (g\u1ecdi l\u00e0 \u201cTrang web\u201d).<\/p>\n<p data-start=\"461\" data-end=\"580\">B\u1eb1ng c\u00e1ch truy c\u1eadp ho\u1eb7c s\u1eed d\u1ee5ng Trang web n\u00e0y, b\u1ea1n \u0111\u1ed3ng \u00fd ch\u1ecbu r\u00e0ng bu\u1ed9c b\u1edfi c\u00e1c \u0110i\u1ec1u kho\u1ea3n n\u00e0y. N\u1ebfu b\u1ea1n kh\u00f4ng \u0111\u1ed3ng \u00fd, vui l\u00f2ng kh\u00f4ng s\u1eed d\u1ee5ng Trang web.<\/p>\n<h2 class=\"wp-block-heading\" data-start=\"587\" data-end=\"607\">1. Ph\u1ea1m vi kinh doanh<\/h2>\n<p data-start=\"609\" data-end=\"822\">Trang web n\u00e0y d\u00e0nh cho <strong data-start=\"635\" data-end=\"665\">kinh doanh gi\u1eefa c\u00e1c doanh nghi\u1ec7p (B2B)<\/strong> Ch\u1ec9 nh\u1eb1m m\u1ee5c \u0111\u00edch tham kh\u1ea3o.<br data-start=\"680\" data-end=\"683\" \/>Ch\u00fang t\u00f4i chuy\u00ean xu\u1ea5t kh\u1ea9u v\u00e0 b\u00e1n bu\u00f4n c\u00e1c m\u1eb7t h\u00e0ng sau: <strong data-start=\"728\" data-end=\"750\">Ph\u1ee5 t\u00f9ng xe t\u1ea3i H\u00e0n Qu\u1ed1c<\/strong>Bao g\u1ed3m nh\u01b0ng kh\u00f4ng gi\u1edbi h\u1ea1n \u1edf c\u00e1c ph\u1ee5 t\u00f9ng xe th\u01b0\u01a1ng m\u1ea1i c\u1ee7a Hyundai v\u00e0 Kia.<\/p>\n<p data-start=\"824\" data-end=\"956\">Th\u00f4ng tin s\u1ea3n ph\u1ea9m hi\u1ec3n th\u1ecb tr\u00ean Trang web ch\u1ec9 mang t\u00ednh ch\u1ea5t tham kh\u1ea3o v\u00e0 kh\u00f4ng c\u1ea5u th\u00e0nh m\u1ed9t l\u1eddi \u0111\u1ec1 ngh\u1ecb r\u00e0ng bu\u1ed9c tr\u1eeb khi \u0111\u01b0\u1ee3c x\u00e1c nh\u1eadn b\u1eb1ng v\u0103n b\u1ea3n.<\/p>\n<h2 data-start=\"963\" data-end=\"987\">2. S\u1eed d\u1ee5ng Trang web<\/h2>\n<p data-start=\"989\" data-end=\"1061\">B\u1ea1n \u0111\u1ed3ng \u00fd ch\u1ec9 s\u1eed d\u1ee5ng Trang web n\u00e0y cho c\u00e1c m\u1ee5c \u0111\u00edch kinh doanh h\u1ee3p ph\u00e1p v\u00e0 kh\u00f4ng \u0111\u01b0\u1ee3c s\u1eed d\u1ee5ng cho c\u00e1c m\u1ee5c \u0111\u00edch sau:<\/p>\n<ul data-start=\"1062\" data-end=\"1280\">\n<li data-start=\"1062\" data-end=\"1114\">\n<p data-start=\"1064\" data-end=\"1114\">L\u1ea1m d\u1ee5ng m\u1eabu \u0111\u01a1n y\u00eau c\u1ea7u th\u00f4ng tin ho\u1eb7c cung c\u1ea5p th\u00f4ng tin sai l\u1ec7ch.<\/p>\n<\/li>\n<li data-start=\"1115\" data-end=\"1165\">\n<p data-start=\"1117\" data-end=\"1165\">C\u1ed1 g\u1eafng truy c\u1eadp v\u00e0o c\u00e1c khu v\u1ef1c b\u1ecb h\u1ea1n ch\u1ebf c\u1ee7a Trang web.<\/p>\n<\/li>\n<li data-start=\"1166\" data-end=\"1222\">\n<p data-start=\"1168\" data-end=\"1222\">Can thi\u1ec7p v\u00e0o an ninh ho\u1eb7c ho\u1ea1t \u0111\u1ed9ng c\u1ee7a Trang web.<\/p>\n<\/li>\n<li data-start=\"1223\" data-end=\"1280\">\n<p data-start=\"1225\" data-end=\"1280\">S\u1eed d\u1ee5ng Trang web \u0111\u1ec3 x\u00e2m ph\u1ea1m quy\u1ec1n s\u1edf h\u1eefu tr\u00ed tu\u1ec7.<\/p>\n<\/li>\n<\/ul>\n<p data-start=\"1282\" data-end=\"1365\">Ch\u00fang t\u00f4i c\u00f3 quy\u1ec1n h\u1ea1n ch\u1ebf ho\u1eb7c ch\u1ea5m d\u1ee9t quy\u1ec1n truy c\u1eadp v\u00e0o Trang web theo quy\u1ebft \u0111\u1ecbnh c\u1ee7a m\u00ecnh.<\/p>\n<h2 data-start=\"1372\" data-end=\"1413\">3. Th\u00f4ng tin s\u1ea3n ph\u1ea9m v\u00e0 kh\u1ea3 n\u0103ng t\u01b0\u01a1ng th\u00edch<\/h2>\n<ul data-start=\"1415\" data-end=\"1687\">\n<li data-start=\"1415\" data-end=\"1495\">\n<p data-start=\"1417\" data-end=\"1495\">M\u00f4 t\u1ea3 s\u1ea3n ph\u1ea9m, h\u00ecnh \u1ea3nh v\u00e0 th\u00f4ng s\u1ed1 k\u1ef9 thu\u1eadt \u0111\u01b0\u1ee3c cung c\u1ea5p ch\u1ec9 mang t\u00ednh ch\u1ea5t tham kh\u1ea3o.<\/p>\n<\/li>\n<li data-start=\"1496\" data-end=\"1588\">\n<p data-start=\"1498\" data-end=\"1588\">C\u1ea7n x\u00e1c nh\u1eadn kh\u1ea3 n\u0103ng t\u01b0\u01a1ng th\u00edch c\u1ee7a xe b\u1eb1ng c\u00e1ch <strong data-start=\"1543\" data-end=\"1585\">M\u00e3 s\u1ed1 linh ki\u1ec7n OEM ho\u1eb7c b\u1ea3n v\u1ebd k\u1ef9 thu\u1eadt<\/strong>.<\/p>\n<\/li>\n<li data-start=\"1589\" data-end=\"1687\">\n<p data-start=\"1591\" data-end=\"1687\">Ch\u00fang t\u00f4i kh\u00f4ng ch\u1ecbu tr\u00e1ch nhi\u1ec7m \u0111\u1ed1i v\u1edbi c\u00e1c \u0111\u01a1n \u0111\u1eb7t h\u00e0ng sai s\u00f3t do th\u00f4ng tin kh\u00f4ng ch\u00ednh x\u00e1c do ng\u01b0\u1eddi mua cung c\u1ea5p.<\/p>\n<\/li>\n<\/ul>\n<p data-start=\"1689\" data-end=\"1751\">T\u1ea5t c\u1ea3 c\u00e1c th\u00f4ng s\u1ed1 k\u1ef9 thu\u1eadt c\u00f3 th\u1ec3 thay \u0111\u1ed5i m\u00e0 kh\u00f4ng c\u1ea7n b\u00e1o tr\u01b0\u1edbc.<\/p>\n<h2 data-start=\"1758\" data-end=\"1784\">4. B\u1ea3ng gi\u00e1 &amp; B\u00e1o gi\u00e1<\/h2>\n<ul data-start=\"1786\" data-end=\"2061\">\n<li data-start=\"1786\" data-end=\"1858\">\n<p data-start=\"1788\" data-end=\"1858\">Gi\u00e1 hi\u1ec3n th\u1ecb tr\u00ean trang web l\u00e0 <strong data-start=\"1817\" data-end=\"1830\">ch\u01b0a ph\u1ea3i l\u00e0 b\u1ea3n cu\u1ed1i c\u00f9ng<\/strong> tr\u1eeb khi c\u00f3 quy \u0111\u1ecbnh kh\u00e1c.<\/p>\n<\/li>\n<li data-start=\"1859\" data-end=\"2001\">\n<p data-start=\"1861\" data-end=\"2001\">Gi\u00e1 cu\u1ed1i c\u00f9ng, s\u1ed1 l\u01b0\u1ee3ng \u0111\u1eb7t h\u00e0ng t\u1ed1i thi\u1ec3u (MOQ), th\u1eddi gian giao h\u00e0ng v\u00e0 \u0111i\u1ec1u kho\u1ea3n thanh to\u00e1n s\u1ebd \u0111\u01b0\u1ee3c x\u00e1c nh\u1eadn b\u1edfi <strong data-start=\"1956\" data-end=\"1998\">b\u00e1o gi\u00e1 ch\u00ednh th\u1ee9c ho\u1eb7c h\u00f3a \u0111\u01a1n chi\u1ebfu l\u1ec7<\/strong>.<\/p>\n<\/li>\n<li data-start=\"2002\" data-end=\"2061\">\n<p data-start=\"2004\" data-end=\"2061\">T\u1ea5t c\u1ea3 gi\u00e1 \u0111\u01b0\u1ee3c ni\u00eam y\u1ebft b\u1eb1ng <strong data-start=\"2029\" data-end=\"2036\">USD<\/strong> tr\u1eeb khi c\u00f3 th\u1ecfa thu\u1eadn kh\u00e1c.<\/p>\n<\/li>\n<\/ul>\n<h2 data-start=\"2068\" data-end=\"2090\">5. \u0110\u1eb7t h\u00e0ng &amp; Thanh to\u00e1n<\/h2>\n<ul data-start=\"2092\" data-end=\"2307\">\n<li data-start=\"2092\" data-end=\"2158\">\n<p data-start=\"2094\" data-end=\"2158\">\u0110\u01a1n \u0111\u1eb7t h\u00e0ng ch\u1ec9 c\u00f3 hi\u1ec7u l\u1ef1c r\u00e0ng bu\u1ed9c sau khi nh\u1eadn \u0111\u01b0\u1ee3c x\u00e1c nh\u1eadn b\u1eb1ng v\u0103n b\u1ea3n t\u1eeb ch\u00fang t\u00f4i.<\/p>\n<\/li>\n<li data-start=\"2159\" data-end=\"2226\">\n<p data-start=\"2161\" data-end=\"2226\">\u0110i\u1ec1u kho\u1ea3n thanh to\u00e1n c\u00f3 th\u1ec3 bao g\u1ed3m chuy\u1ec3n kho\u1ea3n ng\u00e2n h\u00e0ng (T\/T), PayPal ho\u1eb7c c\u00e1c ph\u01b0\u01a1ng th\u1ee9c kh\u00e1c \u0111\u00e3 \u0111\u01b0\u1ee3c th\u1ecfa thu\u1eadn.<\/p>\n<\/li>\n<li data-start=\"2227\" data-end=\"2307\">\n<p data-start=\"2229\" data-end=\"2307\">Kh\u00e1ch h\u00e0ng c\u00f3 th\u1ec3 ph\u1ea3i thanh to\u00e1n tr\u01b0\u1edbc to\u00e0n b\u1ed9 ho\u1eb7c m\u1ed9t ph\u1ea7n tr\u01b0\u1edbc khi s\u1ea3n xu\u1ea5t ho\u1eb7c v\u1eadn chuy\u1ec3n.<\/p>\n<\/li>\n<\/ul>\n<p data-start=\"2309\" data-end=\"2417\">Ch\u00fang t\u00f4i c\u00f3 quy\u1ec1n h\u1ee7y ho\u1eb7c t\u1eeb ch\u1ed1i \u0111\u01a1n \u0111\u1eb7t h\u00e0ng do l\u1ed7i v\u1ec1 gi\u00e1 c\u1ea3, v\u1ea5n \u0111\u1ec1 v\u1ec1 h\u00e0ng t\u1ed3n kho ho\u1eb7c c\u00e1c v\u1ea5n \u0111\u1ec1 li\u00ean quan \u0111\u1ebfn vi\u1ec7c tu\u00e2n th\u1ee7 quy \u0111\u1ecbnh.<\/p>\n<h2 data-start=\"2424\" data-end=\"2449\">6. V\u1eadn chuy\u1ec3n &amp; Giao h\u00e0ng<\/h2>\n<ul data-start=\"2451\" data-end=\"2699\">\n<li data-start=\"2451\" data-end=\"2511\">\n<p data-start=\"2453\" data-end=\"2511\">Th\u1eddi gian giao h\u00e0ng \u01b0\u1edbc t\u00ednh ch\u1ec9 mang t\u00ednh ch\u1ea5t tham kh\u1ea3o.<\/p>\n<\/li>\n<li data-start=\"2512\" data-end=\"2622\">\n<p data-start=\"2514\" data-end=\"2622\">Vi\u1ec7c ch\u1eadm tr\u1ec5 v\u1eadn chuy\u1ec3n qu\u1ed1c t\u1ebf do th\u1ee7 t\u1ee5c h\u1ea3i quan, h\u00e3ng v\u1eadn chuy\u1ec3n ho\u1eb7c c\u00e1c s\u1ef1 ki\u1ec7n b\u1ea5t kh\u1ea3 kh\u00e1ng n\u1eb1m ngo\u00e0i t\u1ea7m ki\u1ec3m so\u00e1t c\u1ee7a ch\u00fang t\u00f4i.<\/p>\n<\/li>\n<li data-start=\"2623\" data-end=\"2699\">\n<p data-start=\"2625\" data-end=\"2699\">R\u1ee7i ro m\u1ea5t m\u00e1t chuy\u1ec3n sang ng\u01b0\u1eddi mua khi h\u00e0ng \u0111\u01b0\u1ee3c v\u1eadn chuy\u1ec3n, tr\u1eeb khi c\u00f3 th\u1ecfa thu\u1eadn kh\u00e1c.<\/p>\n<\/li>\n<\/ul>\n<p data-start=\"2701\" data-end=\"2784\">C\u00e1c \u0111i\u1ec1u kho\u1ea3n Incoterms (EXW, FOB, CIF, v.v.) s\u1ebd \u0111\u01b0\u1ee3c ghi r\u00f5 trong c\u00e1c ch\u1ee9ng t\u1eeb \u0111\u1eb7t h\u00e0ng \u0111\u00e3 \u0111\u01b0\u1ee3c x\u00e1c nh\u1eadn.<\/p>\n<h2 data-start=\"2791\" data-end=\"2813\">7. Tr\u1ea3 h\u00e0ng &amp; Khi\u1ebfu n\u1ea1i<\/h2>\n<ul data-start=\"2815\" data-end=\"3103\">\n<li data-start=\"2815\" data-end=\"2892\">\n<p data-start=\"2817\" data-end=\"2892\">V\u1edbi t\u01b0 c\u00e1ch l\u00e0 nh\u00e0 cung c\u1ea5p B2B, <strong data-start=\"2836\" data-end=\"2864\">Kh\u00f4ng ch\u1ea5p nh\u1eadn tr\u1ea3 l\u1ea1i h\u00e0ng.<\/strong> tr\u1eeb khi c\u00f3 th\u1ecfa thu\u1eadn b\u1eb1ng v\u0103n b\u1ea3n kh\u00e1c.<\/p>\n<\/li>\n<li data-start=\"2893\" data-end=\"3031\">\n<p data-start=\"2895\" data-end=\"3031\">Khi\u1ebfu n\u1ea1i v\u1ec1 h\u00e0ng h\u00f3a b\u1ecb h\u01b0 h\u1ecfng, kh\u00f4ng \u0111\u00fang ho\u1eb7c b\u1ecb l\u1ed7i ph\u1ea3i \u0111\u01b0\u1ee3c g\u1eedi trong v\u00f2ng... <strong data-start=\"2970\" data-end=\"2991\">7 ng\u00e0y k\u1ec3 t\u1eeb ng\u00e0y nh\u1eadn h\u00e0ng<\/strong>K\u00e8m theo h\u00ecnh \u1ea3nh ho\u1eb7c t\u00e0i li\u1ec7u ch\u1ee9ng minh.<\/p>\n<\/li>\n<li data-start=\"3032\" data-end=\"3103\">\n<p data-start=\"3034\" data-end=\"3103\">Ch\u00fang t\u00f4i c\u00f3 quy\u1ec1n s\u1eeda ch\u1eefa, thay th\u1ebf ho\u1eb7c ho\u00e0n ti\u1ec1n theo quy\u1ebft \u0111\u1ecbnh c\u1ee7a m\u00ecnh.<\/p>\n<\/li>\n<\/ul>\n<h2 data-start=\"3110\" data-end=\"3137\">8. S\u1edf h\u1eefu tr\u00ed tu\u1ec7<\/h2>\n<p data-start=\"3139\" data-end=\"3298\">T\u1ea5t c\u1ea3 n\u1ed9i dung tr\u00ean Trang web, bao g\u1ed3m v\u0103n b\u1ea3n, h\u00ecnh \u1ea3nh, logo v\u00e0 m\u00f4 t\u1ea3 s\u1ea3n ph\u1ea9m, \u0111\u1ec1u thu\u1ed9c s\u1edf h\u1eefu c\u1ee7a <strong data-start=\"3240\" data-end=\"3281\">C\u00f4ng ty TNHH Xu\u1ea5t Nh\u1eadp kh\u1ea9u Ruian Yaxin<\/strong> ho\u1eb7c c\u00e1c \u0111\u1ed1i t\u00e1c c\u1ee7a n\u00f3.<\/p>\n<p data-start=\"3300\" data-end=\"3362\">Nghi\u00eam c\u1ea5m m\u1ecdi h\u00e0nh vi s\u1eed d\u1ee5ng, sao ch\u00e9p ho\u1eb7c ph\u00e2n ph\u1ed1i tr\u00e1i ph\u00e9p.<\/p>\n<h2 data-start=\"3369\" data-end=\"3398\">9. Gi\u1edbi h\u1ea1n tr\u00e1ch nhi\u1ec7m<\/h2>\n<p data-start=\"3400\" data-end=\"3439\">Trong ph\u1ea1m vi t\u1ed1i \u0111a \u0111\u01b0\u1ee3c ph\u00e1p lu\u1eadt cho ph\u00e9p:<\/p>\n<ul data-start=\"3440\" data-end=\"3597\">\n<li data-start=\"3440\" data-end=\"3518\">\n<p data-start=\"3442\" data-end=\"3518\">Ch\u00fang t\u00f4i s\u1ebd kh\u00f4ng ch\u1ecbu tr\u00e1ch nhi\u1ec7m \u0111\u1ed1i v\u1edbi c\u00e1c thi\u1ec7t h\u1ea1i gi\u00e1n ti\u1ebfp, ng\u1eabu nhi\u00ean ho\u1eb7c h\u1eadu qu\u1ea3.<\/p>\n<\/li>\n<li data-start=\"3519\" data-end=\"3597\">\n<p data-start=\"3521\" data-end=\"3597\">T\u1ed5ng tr\u00e1ch nhi\u1ec7m c\u1ee7a ch\u00fang t\u00f4i s\u1ebd kh\u00f4ng v\u01b0\u1ee3t qu\u00e1 s\u1ed1 ti\u1ec1n \u0111\u00e3 thanh to\u00e1n cho \u0111\u01a1n h\u00e0ng li\u00ean quan.<\/p>\n<\/li>\n<\/ul>\n<h2 data-start=\"3604\" data-end=\"3621\">10. Tuy\u00ean b\u1ed1 mi\u1ec5n tr\u1eeb tr\u00e1ch nhi\u1ec7m<\/h2>\n<p data-start=\"3623\" data-end=\"3751\">Trang web v\u00e0 n\u1ed9i dung c\u1ee7a n\u00f3 \u0111\u01b0\u1ee3c cung c\u1ea5p tr\u00ean c\u01a1 s\u1edf &quot;nguy\u00ean tr\u1ea1ng&quot;.<br data-start=\"3681\" data-end=\"3684\" \/>Ch\u00fang t\u00f4i kh\u00f4ng \u0111\u1ea3m b\u1ea3o truy c\u1eadp li\u00ean t\u1ee5c ho\u1eb7c th\u00f4ng tin kh\u00f4ng c\u00f3 l\u1ed7i.<\/p>\n<h2 data-start=\"3758\" data-end=\"3778\">11. Lu\u1eadt \u0111i\u1ec1u ch\u1ec9nh<\/h2>\n<p data-start=\"3780\" data-end=\"3939\">C\u00e1c \u0110i\u1ec1u kho\u1ea3n n\u00e0y s\u1ebd \u0111\u01b0\u1ee3c \u0111i\u1ec1u ch\u1ec9nh v\u00e0 gi\u1ea3i th\u00edch theo lu\u1eadt c\u1ee7a [qu\u1ed1c gia\/v\u00f9ng l\u00e3nh th\u1ed5]. <strong data-start=\"3858\" data-end=\"3892\">C\u1ed9ng h\u00f2a Nh\u00e2n d\u00e2n Trung Hoa<\/strong>m\u00e0 kh\u00f4ng c\u1ea7n quan t\u00e2m \u0111\u1ebfn c\u00e1c nguy\u00ean t\u1eafc xung \u0111\u1ed9t ph\u00e1p lu\u1eadt.<\/p>\n<h2 data-start=\"3946\" data-end=\"3969\">12. Thay \u0111\u1ed5i \u0110i\u1ec1u kho\u1ea3n<\/h2>\n<p data-start=\"3971\" data-end=\"4099\">Ch\u00fang t\u00f4i c\u00f3 quy\u1ec1n c\u1eadp nh\u1eadt c\u00e1c \u0110i\u1ec1u kho\u1ea3n n\u00e0y b\u1ea5t c\u1ee9 l\u00fac n\u00e0o.<br data-start=\"4026\" data-end=\"4029\" \/>Vi\u1ec7c ti\u1ebfp t\u1ee5c s\u1eed d\u1ee5ng Trang web n\u00e0y \u0111\u1ed3ng ngh\u0129a v\u1edbi vi\u1ec7c b\u1ea1n ch\u1ea5p nh\u1eadn c\u00e1c \u0110i\u1ec1u kho\u1ea3n \u0111\u00e3 \u0111\u01b0\u1ee3c c\u1eadp nh\u1eadt.<\/p>\t\t\t\t\t\t\t\t<\/div>\n\t\t\t\t\t<\/div>\n\t\t\t\t<\/div>\n\t\t\t\t<\/div>","protected":false},"excerpt":{"rendered":"<p>These Terms &amp; Conditions (\u201cTerms\u201d) govern your access to and use of the website operated by Ruian Yaxin Import &amp;<\/p>","protected":false},"author":1,"featured_media":0,"parent":0,"menu_order":0,"comment_status":"closed","ping_status":"open","template":"","meta":{"footnotes":""},"class_list":["post-3","page","type-page","status-publish","hentry"],"_links":{"self":[{"href":"https:\/\/hyundai-truckparts.com\/vi\/wp-json\/wp\/v2\/pages\/3","targetHints":{"allow":["GET"]}}],"collection":[{"href":"https:\/\/hyundai-truckparts.com\/vi\/wp-json\/wp\/v2\/pages"}],"about":[{"href":"https:\/\/hyundai-truckparts.com\/vi\/wp-json\/wp\/v2\/types\/page"}],"author":[{"embeddable":true,"href":"https:\/\/hyundai-truckparts.com\/vi\/wp-json\/wp\/v2\/users\/1"}],"replies":[{"embeddable":true,"href":"https:\/\/hyundai-truckparts.com\/vi\/wp-json\/wp\/v2\/comments?post=3"}],"version-history":[{"count":8,"href":"https:\/\/hyundai-truckparts.com\/vi\/wp-json\/wp\/v2\/pages\/3\/revisions"}],"predecessor-version":[{"id":29070,"href":"https:\/\/hyundai-truckparts.com\/vi\/wp-json\/wp\/v2\/pages\/3\/revisions\/29070"}],"wp:attachment":[{"href":"https:\/\/hyundai-truckparts.com\/vi\/wp-json\/wp\/v2\/media?parent=3"}],"curies":[{"name":"wp","href":"https:\/\/api.w.org\/{rel}","templated":true}]}}