{"id":29558,"date":"2026-01-05T18:00:21","date_gmt":"2026-01-05T18:00:21","guid":{"rendered":"https:\/\/hyundai-truckparts.com\/?post_type=product&#038;p=29558"},"modified":"2026-03-19T11:33:44","modified_gmt":"2026-03-19T11:33:44","slug":"mighty-36100-41012-starter-motor-assembly-for-trucks-and-cars-24v-diesel-electric-starter-new-condition-for-vehicle-engine","status":"publish","type":"product","link":"https:\/\/hyundai-truckparts.com\/vi\/product\/mighty-36100-41012-starter-motor-assembly-for-trucks-and-cars-24v-diesel-electric-starter-new-condition-for-vehicle-engine\/","title":{"rendered":"B\u1ed9 m\u00f4 t\u01a1 kh\u1edfi \u0111\u1ed9ng Mighty 36100-41012 d\u00e0nh cho xe t\u1ea3i v\u00e0 \u00f4 t\u00f4, \u0111i\u1ec7n 24V, \u0111\u1ed9ng c\u01a1 diesel, t\u00ecnh tr\u1ea1ng m\u1edbi, d\u00f9ng cho \u0111\u1ed9ng c\u01a1 xe."},"content":{"rendered":"<p>Mighty 36100-41012 Starter Motor Assembly For Trucks And Cars 24v Diesel Electric Starter New Condition For Vehicle Engine , Find Complete Details about Mighty 36100-41012 Starter Motor Assembly For Trucks And Cars 24v Diesel Electric Starter New Condition For Vehicle Engine from Ruian Yaxin Imp &#038; Exp Co., Ltd. Supplier or Manufacturer on For For Hyundai-truckparts.com<\/p>","protected":false},"excerpt":{"rendered":"<p>Mighty 36100-41012 Starter Motor Assembly For Trucks And Cars 24v Diesel Electric Starter New Condition For Vehicle Engine , Find<\/p>","protected":false},"featured_media":29682,"comment_status":"closed","ping_status":"closed","template":"","meta":[],"product_brand":[97],"product_cat":[93,83,89],"product_tag":[94,95,96],"class_list":{"0":"post-29558","1":"product","2":"type-product","3":"status-publish","4":"has-post-thumbnail","6":"product_brand-hyundai","7":"product_cat-hyundai","8":"product_cat-mighty","9":"product_cat-mighty-2004-2015","10":"product_tag-hyundai","11":"product_tag-mighty","12":"product_tag-mighty-2004-2015","14":"first","15":"instock","16":"shipping-taxable","17":"product-type-simple"},"_links":{"self":[{"href":"https:\/\/hyundai-truckparts.com\/vi\/wp-json\/wp\/v2\/product\/29558","targetHints":{"allow":["GET"]}}],"collection":[{"href":"https:\/\/hyundai-truckparts.com\/vi\/wp-json\/wp\/v2\/product"}],"about":[{"href":"https:\/\/hyundai-truckparts.com\/vi\/wp-json\/wp\/v2\/types\/product"}],"replies":[{"embeddable":true,"href":"https:\/\/hyundai-truckparts.com\/vi\/wp-json\/wp\/v2\/comments?post=29558"}],"version-history":[{"count":2,"href":"https:\/\/hyundai-truckparts.com\/vi\/wp-json\/wp\/v2\/product\/29558\/revisions"}],"predecessor-version":[{"id":30385,"href":"https:\/\/hyundai-truckparts.com\/vi\/wp-json\/wp\/v2\/product\/29558\/revisions\/30385"}],"wp:featuredmedia":[{"embeddable":true,"href":"https:\/\/hyundai-truckparts.com\/vi\/wp-json\/wp\/v2\/media\/29682"}],"wp:attachment":[{"href":"https:\/\/hyundai-truckparts.com\/vi\/wp-json\/wp\/v2\/media?parent=29558"}],"wp:term":[{"taxonomy":"product_brand","embeddable":true,"href":"https:\/\/hyundai-truckparts.com\/vi\/wp-json\/wp\/v2\/product_brand?post=29558"},{"taxonomy":"product_cat","embeddable":true,"href":"https:\/\/hyundai-truckparts.com\/vi\/wp-json\/wp\/v2\/product_cat?post=29558"},{"taxonomy":"product_tag","embeddable":true,"href":"https:\/\/hyundai-truckparts.com\/vi\/wp-json\/wp\/v2\/product_tag?post=29558"}],"curies":[{"name":"wp","href":"https:\/\/api.w.org\/{rel}","templated":true}]}}