{"id":29841,"date":"2026-01-05T18:04:45","date_gmt":"2026-01-05T18:04:45","guid":{"rendered":"https:\/\/hyundai-truckparts.com\/?post_type=product&#038;p=29841"},"modified":"2026-03-19T11:33:49","modified_gmt":"2026-03-19T11:33:49","slug":"aluminium-oil-pump-for-mighty-ii-parts-new-condition-part-number-26100-41700","status":"publish","type":"product","link":"https:\/\/hyundai-truckparts.com\/vi\/product\/bom-dau-bang-nhom-cho-may-mighty-ii-hang-moi-ma-so-phu-tung-26100-41700\/","title":{"rendered":"B\u01a1m d\u1ea7u b\u1eb1ng nh\u00f4m cho m\u00e1y Mighty II, h\u00e0ng m\u1edbi, m\u00e3 s\u1ed1 ph\u1ee5 t\u00f9ng 26100-41700."},"content":{"rendered":"<p>Aluminium Oil Pump For Mighty Ii Parts New Condition Part Number 26100-41700 , Find Complete Details about Aluminium Oil Pump For Mighty Ii Parts New Condition Part Number 26100-41700 from Ruian Yaxin Imp &#038; Exp Co., Ltd. Supplier or Manufacturer on For For Hyundai-truckparts.com<\/p>","protected":false},"excerpt":{"rendered":"<p>Aluminium Oil Pump For Mighty Ii Parts New Condition Part Number 26100-41700 , Find Complete Details about Aluminium Oil Pump<\/p>","protected":false},"featured_media":29890,"comment_status":"closed","ping_status":"closed","template":"","meta":[],"product_brand":[97],"product_cat":[93,83,89],"product_tag":[94,95,96],"class_list":{"0":"post-29841","1":"product","2":"type-product","3":"status-publish","4":"has-post-thumbnail","6":"product_brand-hyundai","7":"product_cat-hyundai","8":"product_cat-mighty","9":"product_cat-mighty-2004-2015","10":"product_tag-hyundai","11":"product_tag-mighty","12":"product_tag-mighty-2004-2015","14":"first","15":"instock","16":"shipping-taxable","17":"product-type-simple"},"_links":{"self":[{"href":"https:\/\/hyundai-truckparts.com\/vi\/wp-json\/wp\/v2\/product\/29841","targetHints":{"allow":["GET"]}}],"collection":[{"href":"https:\/\/hyundai-truckparts.com\/vi\/wp-json\/wp\/v2\/product"}],"about":[{"href":"https:\/\/hyundai-truckparts.com\/vi\/wp-json\/wp\/v2\/types\/product"}],"replies":[{"embeddable":true,"href":"https:\/\/hyundai-truckparts.com\/vi\/wp-json\/wp\/v2\/comments?post=29841"}],"version-history":[{"count":2,"href":"https:\/\/hyundai-truckparts.com\/vi\/wp-json\/wp\/v2\/product\/29841\/revisions"}],"predecessor-version":[{"id":30414,"href":"https:\/\/hyundai-truckparts.com\/vi\/wp-json\/wp\/v2\/product\/29841\/revisions\/30414"}],"wp:featuredmedia":[{"embeddable":true,"href":"https:\/\/hyundai-truckparts.com\/vi\/wp-json\/wp\/v2\/media\/29890"}],"wp:attachment":[{"href":"https:\/\/hyundai-truckparts.com\/vi\/wp-json\/wp\/v2\/media?parent=29841"}],"wp:term":[{"taxonomy":"product_brand","embeddable":true,"href":"https:\/\/hyundai-truckparts.com\/vi\/wp-json\/wp\/v2\/product_brand?post=29841"},{"taxonomy":"product_cat","embeddable":true,"href":"https:\/\/hyundai-truckparts.com\/vi\/wp-json\/wp\/v2\/product_cat?post=29841"},{"taxonomy":"product_tag","embeddable":true,"href":"https:\/\/hyundai-truckparts.com\/vi\/wp-json\/wp\/v2\/product_tag?post=29841"}],"curies":[{"name":"wp","href":"https:\/\/api.w.org\/{rel}","templated":true}]}}