{"id":30061,"date":"2026-01-05T18:08:02","date_gmt":"2026-01-05T18:08:02","guid":{"rendered":"https:\/\/hyundai-truckparts.com\/?post_type=product&#038;p=30061"},"modified":"2026-03-19T11:33:54","modified_gmt":"2026-03-19T11:33:54","slug":"hd-65-72-78-36150-45050-starter-motor-armature","status":"publish","type":"product","link":"https:\/\/hyundai-truckparts.com\/vi\/product\/hd-65-72-78-36150-45050-starter-motor-armature\/","title":{"rendered":"HD 65\/72\/78 36150-45050 Cu\u1ed9n d\u00e2y r\u00f4to m\u00f4 t\u01a1 kh\u1edfi \u0111\u1ed9ng"},"content":{"rendered":"<p>Hd 65\/72\/78 36150-45050 Starter Motor Armature , Find Complete Details about Hd 65\/72\/78 36150-45050 Starter Motor Armature from Ruian Yaxin Imp &#038; Exp Co., Ltd. Supplier or Manufacturer on For For Hyundai-truckparts.com<\/p>","protected":false},"excerpt":{"rendered":"<p>Hd 65\/72\/78 36150-45050 Starter Motor Armature , Find Complete Details about Hd 65\/72\/78 36150-45050 Starter Motor Armature from Ruian Yaxin<\/p>","protected":false},"featured_media":30088,"comment_status":"closed","ping_status":"closed","template":"","meta":[],"product_brand":[97],"product_cat":[93,83,89],"product_tag":[94,95,96],"class_list":{"0":"post-30061","1":"product","2":"type-product","3":"status-publish","4":"has-post-thumbnail","6":"product_brand-hyundai","7":"product_cat-hyundai","8":"product_cat-mighty","9":"product_cat-mighty-2004-2015","10":"product_tag-hyundai","11":"product_tag-mighty","12":"product_tag-mighty-2004-2015","14":"first","15":"instock","16":"shipping-taxable","17":"product-type-simple"},"_links":{"self":[{"href":"https:\/\/hyundai-truckparts.com\/vi\/wp-json\/wp\/v2\/product\/30061","targetHints":{"allow":["GET"]}}],"collection":[{"href":"https:\/\/hyundai-truckparts.com\/vi\/wp-json\/wp\/v2\/product"}],"about":[{"href":"https:\/\/hyundai-truckparts.com\/vi\/wp-json\/wp\/v2\/types\/product"}],"replies":[{"embeddable":true,"href":"https:\/\/hyundai-truckparts.com\/vi\/wp-json\/wp\/v2\/comments?post=30061"}],"version-history":[{"count":2,"href":"https:\/\/hyundai-truckparts.com\/vi\/wp-json\/wp\/v2\/product\/30061\/revisions"}],"predecessor-version":[{"id":30445,"href":"https:\/\/hyundai-truckparts.com\/vi\/wp-json\/wp\/v2\/product\/30061\/revisions\/30445"}],"wp:featuredmedia":[{"embeddable":true,"href":"https:\/\/hyundai-truckparts.com\/vi\/wp-json\/wp\/v2\/media\/30088"}],"wp:attachment":[{"href":"https:\/\/hyundai-truckparts.com\/vi\/wp-json\/wp\/v2\/media?parent=30061"}],"wp:term":[{"taxonomy":"product_brand","embeddable":true,"href":"https:\/\/hyundai-truckparts.com\/vi\/wp-json\/wp\/v2\/product_brand?post=30061"},{"taxonomy":"product_cat","embeddable":true,"href":"https:\/\/hyundai-truckparts.com\/vi\/wp-json\/wp\/v2\/product_cat?post=30061"},{"taxonomy":"product_tag","embeddable":true,"href":"https:\/\/hyundai-truckparts.com\/vi\/wp-json\/wp\/v2\/product_tag?post=30061"}],"curies":[{"name":"wp","href":"https:\/\/api.w.org\/{rel}","templated":true}]}}