{"id":30168,"date":"2026-01-05T18:09:46","date_gmt":"2026-01-05T18:09:46","guid":{"rendered":"https:\/\/hyundai-truckparts.com\/?post_type=product&#038;p=30168"},"modified":"2026-03-19T11:33:58","modified_gmt":"2026-03-19T11:33:58","slug":"h100-porter-parts-coolant-pipe-no-97320-4f000-for-cars-trucks-mini-smart-engine-new-condition","status":"publish","type":"product","link":"https:\/\/hyundai-truckparts.com\/vi\/product\/h100-porter-parts-coolant-pipe-no-97320-4f000-for-cars-trucks-mini-smart-engine-new-condition\/","title":{"rendered":"\u1ed0ng d\u1eabn n\u01b0\u1edbc l\u00e0m m\u00e1t H100 Porter Parts s\u1ed1 hi\u1ec7u 97320-4F000 d\u00e0nh cho \u00f4 t\u00f4, xe t\u1ea3i, \u0111\u1ed9ng c\u01a1 Mini Smart, t\u00ecnh tr\u1ea1ng m\u1edbi."},"content":{"rendered":"<p>H100 Porter Parts Coolant Pipe No. 97320-4f000 For Cars Trucks Mini Smart Engine New Condition , Find Complete Details about H100 Porter Parts Coolant Pipe No. 97320-4f000 For Cars Trucks Mini Smart Engine New Condition from Ruian Yaxin Imp &#038; Exp Co., Ltd. Supplier or Manufacturer on For For Hyundai-truckparts.com<\/p>","protected":false},"excerpt":{"rendered":"<p>H100 Porter Parts Coolant Pipe No. 97320-4f000 For Cars Trucks Mini Smart Engine New Condition , Find Complete Details about<\/p>","protected":false},"featured_media":30256,"comment_status":"closed","ping_status":"closed","template":"","meta":[],"product_brand":[97],"product_cat":[93,84,91],"product_tag":[94,179,180],"class_list":{"0":"post-30168","1":"product","2":"type-product","3":"status-publish","4":"has-post-thumbnail","6":"product_brand-hyundai","7":"product_cat-hyundai","8":"product_cat-porter","9":"product_cat-porter-1997-2004","10":"product_tag-hyundai","11":"product_tag-porter","12":"product_tag-porter-1997-2004","14":"first","15":"instock","16":"shipping-taxable","17":"product-type-simple"},"_links":{"self":[{"href":"https:\/\/hyundai-truckparts.com\/vi\/wp-json\/wp\/v2\/product\/30168","targetHints":{"allow":["GET"]}}],"collection":[{"href":"https:\/\/hyundai-truckparts.com\/vi\/wp-json\/wp\/v2\/product"}],"about":[{"href":"https:\/\/hyundai-truckparts.com\/vi\/wp-json\/wp\/v2\/types\/product"}],"replies":[{"embeddable":true,"href":"https:\/\/hyundai-truckparts.com\/vi\/wp-json\/wp\/v2\/comments?post=30168"}],"version-history":[{"count":2,"href":"https:\/\/hyundai-truckparts.com\/vi\/wp-json\/wp\/v2\/product\/30168\/revisions"}],"predecessor-version":[{"id":30469,"href":"https:\/\/hyundai-truckparts.com\/vi\/wp-json\/wp\/v2\/product\/30168\/revisions\/30469"}],"wp:featuredmedia":[{"embeddable":true,"href":"https:\/\/hyundai-truckparts.com\/vi\/wp-json\/wp\/v2\/media\/30256"}],"wp:attachment":[{"href":"https:\/\/hyundai-truckparts.com\/vi\/wp-json\/wp\/v2\/media?parent=30168"}],"wp:term":[{"taxonomy":"product_brand","embeddable":true,"href":"https:\/\/hyundai-truckparts.com\/vi\/wp-json\/wp\/v2\/product_brand?post=30168"},{"taxonomy":"product_cat","embeddable":true,"href":"https:\/\/hyundai-truckparts.com\/vi\/wp-json\/wp\/v2\/product_cat?post=30168"},{"taxonomy":"product_tag","embeddable":true,"href":"https:\/\/hyundai-truckparts.com\/vi\/wp-json\/wp\/v2\/product_tag?post=30168"}],"curies":[{"name":"wp","href":"https:\/\/api.w.org\/{rel}","templated":true}]}}